{"id":2358,"date":"2021-07-12T11:14:08","date_gmt":"2021-07-12T08:14:08","guid":{"rendered":"https:\/\/www.traitorakis.travel\/personal-data\/"},"modified":"2021-07-12T11:20:33","modified_gmt":"2021-07-12T08:20:33","slug":"personal-data","status":"publish","type":"page","link":"https:\/\/www.traitorakis.travel\/de\/personal-data\/","title":{"rendered":"Pers\u00f6nliche Daten"},"content":{"rendered":"\t\t<div data-elementor-type=\"wp-page\" data-elementor-id=\"2358\" class=\"elementor elementor-2358 elementor-2353\" data-elementor-settings=\"[]\">\n\t\t\t\t\t\t\t<div class=\"elementor-section-wrap\">\n\t\t\t\t\t\t\t<section class=\"elementor-section elementor-top-section elementor-element elementor-element-f9a8377 elementor-section-full_width elementor-section-height-min-height elementor-section-items-stretch elementor-section-content-middle elementor-section-height-default\" data-id=\"f9a8377\" data-element_type=\"section\" data-settings=\"{&quot;motion_fx_motion_fx_scrolling&quot;:&quot;yes&quot;,&quot;motion_fx_devices&quot;:[&quot;desktop&quot;,&quot;tablet&quot;,&quot;mobile&quot;]}\">\n\t\t\t\t\t\t<div class=\"elementor-container elementor-column-gap-no\">\n\t\t\t\t\t<div class=\"elementor-column elementor-col-100 elementor-top-column elementor-element elementor-element-d3ba45b\" data-id=\"d3ba45b\" data-element_type=\"column\" data-settings=\"{&quot;background_background&quot;:&quot;classic&quot;}\">\n\t\t\t<div class=\"elementor-widget-wrap elementor-element-populated\">\n\t\t\t\t\t\t\t\t<section class=\"elementor-section elementor-inner-section elementor-element elementor-element-2156d01 elementor-section-full_width elementor-section-height-default elementor-section-height-default\" data-id=\"2156d01\" data-element_type=\"section\">\n\t\t\t\t\t\t<div class=\"elementor-container elementor-column-gap-default\">\n\t\t\t\t\t<div class=\"elementor-column elementor-col-100 elementor-inner-column elementor-element elementor-element-ac16c4b\" data-id=\"ac16c4b\" data-element_type=\"column\">\n\t\t\t<div class=\"elementor-widget-wrap elementor-element-populated\">\n\t\t\t\t\t\t\t\t<div class=\"elementor-element elementor-element-1b6f5d2 elementor-widget elementor-widget-heading\" data-id=\"1b6f5d2\" data-element_type=\"widget\" data-widget_type=\"heading.default\">\n\t\t\t\t<div class=\"elementor-widget-container\">\n\t\t\t<h1 class=\"elementor-heading-title elementor-size-default\">Pers\u00f6nliche Daten<\/h1>\t\t<\/div>\n\t\t\t\t<\/div>\n\t\t\t\t<div class=\"elementor-element elementor-element-3dcdb72 elementor-button-align-start elementor-widget elementor-widget-form\" data-id=\"3dcdb72\" data-element_type=\"widget\" data-settings=\"{&quot;step_next_label&quot;:&quot;Next&quot;,&quot;step_previous_label&quot;:&quot;Previous&quot;,&quot;button_width&quot;:&quot;100&quot;,&quot;step_type&quot;:&quot;number_text&quot;,&quot;step_icon_shape&quot;:&quot;circle&quot;}\" data-widget_type=\"form.default\">\n\t\t\t\t<div class=\"elementor-widget-container\">\n\t\t\t\t\t<form class=\"elementor-form\" method=\"post\" name=\"New Form\">\n\t\t\t<input type=\"hidden\" name=\"post_id\" value=\"2358\"\/>\n\t\t\t<input type=\"hidden\" name=\"form_id\" value=\"3dcdb72\"\/>\n\t\t\t<input type=\"hidden\" name=\"referer_title\" value=\"\" \/>\n\n\t\t\t\n\t\t\t<div class=\"elementor-form-fields-wrapper elementor-labels-above\">\n\t\t\t\t\t\t\t\t<div class=\"elementor-field-type-email elementor-field-group elementor-column elementor-field-group-email elementor-col-33 elementor-field-required\">\n\t\t\t\t\t<input size=\"1\" type=\"email\" name=\"form_fields[email]\" id=\"form-field-email\" class=\"elementor-field elementor-size-sm  elementor-field-textual\" placeholder=\"Email*\" required=\"required\" aria-required=\"true\">\t\t\t\t<\/div>\n\t\t\t\t\t\t\t\t<div class=\"elementor-field-type-checkbox elementor-field-group elementor-column elementor-field-group-field_d4ebe18 elementor-col-100\">\n\t\t\t\t\t<div class=\"elementor-field-subgroup  \"><span class=\"elementor-field-option\"><input type=\"checkbox\" value=\"Ich m\u00f6chte, dass Sie mir per E-Mail meine auf dieser Website gesammelten pers\u00f6nlichen Daten oder Ihrem Unternehmen senden.\" id=\"form-field-field_d4ebe18-0\" name=\"form_fields[field_d4ebe18]\"> <label for=\"form-field-field_d4ebe18-0\">Ich m\u00f6chte, dass Sie mir per E-Mail meine auf dieser Website gesammelten pers\u00f6nlichen Daten oder Ihrem Unternehmen senden.<\/label><\/span><\/div>\t\t\t\t<\/div>\n\t\t\t\t\t\t\t\t<div class=\"elementor-field-type-checkbox elementor-field-group elementor-column elementor-field-group-field_40fdd7a elementor-col-100\">\n\t\t\t\t\t<div class=\"elementor-field-subgroup  \"><span class=\"elementor-field-option\"><input type=\"checkbox\" value=\"Ich m\u00f6chte mich von Ihrem Newsletter abmelden.\" id=\"form-field-field_40fdd7a-0\" name=\"form_fields[field_40fdd7a]\"> <label for=\"form-field-field_40fdd7a-0\">Ich m\u00f6chte mich von Ihrem Newsletter abmelden.<\/label><\/span><\/div>\t\t\t\t<\/div>\n\t\t\t\t\t\t\t\t<div class=\"elementor-field-type-checkbox elementor-field-group elementor-column elementor-field-group-field_b785c44 elementor-col-100\">\n\t\t\t\t\t<div class=\"elementor-field-subgroup  \"><span class=\"elementor-field-option\"><input type=\"checkbox\" value=\"Ich m\u00f6chte, dass alle meine pers\u00f6nlichen Daten und Kommentare, die auf dieser Website oder in Ihrem Unternehmen gesammelt wurden, gel\u00f6scht werden.\" id=\"form-field-field_b785c44-0\" name=\"form_fields[field_b785c44]\"> <label for=\"form-field-field_b785c44-0\">Ich m\u00f6chte, dass alle meine pers\u00f6nlichen Daten und Kommentare, die auf dieser Website oder in Ihrem Unternehmen gesammelt wurden, gel\u00f6scht werden.<\/label><\/span><\/div>\t\t\t\t<\/div>\n\t\t\t\t\t\t\t\t<div class=\"elementor-field-type-checkbox elementor-field-group elementor-column elementor-field-group-field_c201826 elementor-col-100\">\n\t\t\t\t\t<div class=\"elementor-field-subgroup  \"><span class=\"elementor-field-option\"><input type=\"checkbox\" value=\"Ich m\u00f6chte, dass der Administrator Ihrer Site meine Daten korrigiert.\" id=\"form-field-field_c201826-0\" name=\"form_fields[field_c201826]\"> <label for=\"form-field-field_c201826-0\">Ich m\u00f6chte, dass der Administrator Ihrer Site meine Daten korrigiert.<\/label><\/span><\/div>\t\t\t\t<\/div>\n\t\t\t\t\t\t\t\t<div class=\"elementor-field-type-checkbox elementor-field-group elementor-column elementor-field-group-field_e461a92 elementor-col-100\">\n\t\t\t\t\t<div class=\"elementor-field-subgroup  \"><span class=\"elementor-field-option\"><input type=\"checkbox\" value=\"Ich stimme der \u00dcbermittlung meiner E-Mail zu, um die von mir angeforderten Daten zu erhalten. Weitere Informationen finden Sie auf der Seite Datenschutzbestimmungen.\" id=\"form-field-field_e461a92-0\" name=\"form_fields[field_e461a92]\"> <label for=\"form-field-field_e461a92-0\">Ich stimme der \u00dcbermittlung meiner E-Mail zu, um die von mir angeforderten Daten zu erhalten. Weitere Informationen finden Sie auf der Seite Datenschutzbestimmungen.<\/label><\/span><\/div>\t\t\t\t<\/div>\n\t\t\t\t\t\t\t\t<div class=\"elementor-field-group elementor-column elementor-field-type-submit elementor-col-100 e-form__buttons\">\n\t\t\t\t\t<button type=\"submit\" class=\"elementor-button elementor-size-sm\">\n\t\t\t\t\t\t<span >\n\t\t\t\t\t\t\t\t\t\t\t\t\t\t\t<span class=\" elementor-button-icon\">\n\t\t\t\t\t\t\t\t\t\t\t\t\t\t\t\t\t\t\t\t\t\t\t\t\t\t<\/span>\n\t\t\t\t\t\t\t\t\t\t\t\t\t\t\t\t\t\t\t\t\t\t<span class=\"elementor-button-text\">Senden<\/span>\n\t\t\t\t\t\t\t\t\t\t\t\t\t<\/span>\n\t\t\t\t\t<\/button>\n\t\t\t\t<\/div>\n\t\t\t<\/div>\n\t\t<\/form>\n\t\t\t\t<\/div>\n\t\t\t\t<\/div>\n\t\t\t\t\t<\/div>\n\t\t<\/div>\n\t\t\t\t\t\t\t<\/div>\n\t\t<\/section>\n\t\t\t\t\t<\/div>\n\t\t<\/div>\n\t\t\t\t\t\t\t<\/div>\n\t\t<\/section>\n\t\t\t\t\t\t<\/div>\n\t\t\t\t\t<\/div>\n\t\t","protected":false},"excerpt":{"rendered":"<p>Pers\u00f6nliche Daten<\/p>\n","protected":false},"author":1,"featured_media":0,"parent":0,"menu_order":0,"comment_status":"closed","ping_status":"closed","template":"elementor_header_footer","meta":{"footnotes":""},"class_list":["post-2358","page","type-page","status-publish","hentry"],"_links":{"self":[{"href":"https:\/\/www.traitorakis.travel\/de\/wp-json\/wp\/v2\/pages\/2358","targetHints":{"allow":["GET"]}}],"collection":[{"href":"https:\/\/www.traitorakis.travel\/de\/wp-json\/wp\/v2\/pages"}],"about":[{"href":"https:\/\/www.traitorakis.travel\/de\/wp-json\/wp\/v2\/types\/page"}],"author":[{"embeddable":true,"href":"https:\/\/www.traitorakis.travel\/de\/wp-json\/wp\/v2\/users\/1"}],"replies":[{"embeddable":true,"href":"https:\/\/www.traitorakis.travel\/de\/wp-json\/wp\/v2\/comments?post=2358"}],"version-history":[{"count":9,"href":"https:\/\/www.traitorakis.travel\/de\/wp-json\/wp\/v2\/pages\/2358\/revisions"}],"predecessor-version":[{"id":2370,"href":"https:\/\/www.traitorakis.travel\/de\/wp-json\/wp\/v2\/pages\/2358\/revisions\/2370"}],"wp:attachment":[{"href":"https:\/\/www.traitorakis.travel\/de\/wp-json\/wp\/v2\/media?parent=2358"}],"curies":[{"name":"wp","href":"https:\/\/api.w.org\/{rel}","templated":true}]}}