{"id":2335,"date":"2021-07-12T10:41:45","date_gmt":"2021-07-12T07:41:45","guid":{"rendered":"https:\/\/www.traitorakis.travel\/privacy-policy\/"},"modified":"2021-07-12T11:13:13","modified_gmt":"2021-07-12T08:13:13","slug":"privacy-policy","status":"publish","type":"page","link":"https:\/\/www.traitorakis.travel\/de\/privacy-policy\/","title":{"rendered":"Datenschutz-Bestimmungen"},"content":{"rendered":"\t\t<div data-elementor-type=\"wp-page\" data-elementor-id=\"2335\" class=\"elementor elementor-2335 elementor-2324\" data-elementor-settings=\"[]\">\n\t\t\t\t\t\t\t<div class=\"elementor-section-wrap\">\n\t\t\t\t\t\t\t<section class=\"elementor-section elementor-top-section elementor-element elementor-element-e3d6a0b elementor-section-full_width elementor-section-height-min-height elementor-section-items-stretch elementor-section-content-middle elementor-section-height-default\" data-id=\"e3d6a0b\" data-element_type=\"section\" data-settings=\"{&quot;motion_fx_motion_fx_scrolling&quot;:&quot;yes&quot;,&quot;motion_fx_devices&quot;:[&quot;desktop&quot;,&quot;tablet&quot;,&quot;mobile&quot;]}\">\n\t\t\t\t\t\t<div class=\"elementor-container elementor-column-gap-no\">\n\t\t\t\t\t<div class=\"elementor-column elementor-col-100 elementor-top-column elementor-element elementor-element-c0c5b20\" data-id=\"c0c5b20\" data-element_type=\"column\" data-settings=\"{&quot;background_background&quot;:&quot;classic&quot;}\">\n\t\t\t<div class=\"elementor-widget-wrap elementor-element-populated\">\n\t\t\t\t\t\t\t\t<section class=\"elementor-section elementor-inner-section elementor-element elementor-element-03732a4 elementor-section-full_width elementor-section-height-default elementor-section-height-default\" data-id=\"03732a4\" data-element_type=\"section\">\n\t\t\t\t\t\t<div class=\"elementor-container elementor-column-gap-default\">\n\t\t\t\t\t<div class=\"elementor-column elementor-col-100 elementor-inner-column elementor-element elementor-element-67a9a54\" data-id=\"67a9a54\" data-element_type=\"column\">\n\t\t\t<div class=\"elementor-widget-wrap elementor-element-populated\">\n\t\t\t\t\t\t\t\t<div class=\"elementor-element elementor-element-cee7a35 elementor-widget elementor-widget-heading\" data-id=\"cee7a35\" data-element_type=\"widget\" data-widget_type=\"heading.default\">\n\t\t\t\t<div class=\"elementor-widget-container\">\n\t\t\t<h1 class=\"elementor-heading-title elementor-size-default\">Datenschutz-Bestimmungen<\/h1>\t\t<\/div>\n\t\t\t\t<\/div>\n\t\t\t\t<div class=\"elementor-element elementor-element-bd53462 elementor-widget elementor-widget-heading\" data-id=\"bd53462\" data-element_type=\"widget\" data-widget_type=\"heading.default\">\n\t\t\t\t<div class=\"elementor-widget-container\">\n\t\t\t<p class=\"elementor-heading-title elementor-size-default\">Diese Datenschutzrichtlinie wurde geschrieben, um denjenigen, die daran interessiert sind, wie wir ihre pers\u00f6nlichen Daten auf unserer Website verwenden, einen besseren Service zu bieten.\nBitte lesen Sie unsere Datenschutzbestimmungen sorgf\u00e4ltig durch, um klar zu verstehen, wie wir Ihre pers\u00f6nlichen Daten auf unserer Website sammeln, verwenden und sch\u00fctzen.<br><br>\n\n<strong>Welche pers\u00f6nlichen Daten sammeln wir von Benutzern, die unsere Website besuchen?<\/strong><br>\nBei der Bestellung, Buchung oder Anmeldung auf unserer Website werden Sie m\u00f6glicherweise aufgefordert, Ihren Namen, Ihre E-Mail-Adresse, Ihre Telefonnummer oder andere Informationen einzugeben, um Ihre Erfahrungen oder Ihren Verkauf zu verbessern.<br><br>\n\n<strong>Wann sammeln wir Informationen?<\/strong><br>\nWir sammeln Informationen von Ihnen, wenn Sie sich auf unserer Website anmelden, eine Bestellung aufgeben, ein Zimmer anfordern oder reservieren, einen Newsletter abonnieren, ein Formular ausf\u00fcllen, unseren Live-Chat nutzen, ein Support-Ticket \u00f6ffnen oder Informationen auf unserer Website eingeben.<br><br>\n\n<strong>Wie verwenden wir Ihre Daten?<\/strong><br>\nWir k\u00f6nnen die von Ihnen gesammelten Informationen verwenden, wenn Sie sich registrieren, einen Kauf t\u00e4tigen, sich f\u00fcr unseren Newsletter anmelden, eine Anfrage oder Buchung stellen, eine Umfrage oder Marketingkommunikation beantworten, auf unserer Website navigieren oder bestimmte andere Website-Funktionen im Folgenden verwenden Wege:<br><br>\n<ul>\n<li>um Ihre Erfahrung so zu personalisieren, dass wir die Art von Inhalten und Produkten liefern k\u00f6nnen, an denen Sie am meisten interessiert sind.<\/li>\n<li>Verbessern Sie unsere Website, um Sie besser bedienen zu k\u00f6nnen.<\/li>\n<li>um Sie bei Kundenanfragen besser bedienen zu k\u00f6nnen.<\/li>\n<li>um Ihre Transaktionen schnell zu bearbeiten.<\/li>\n<li>um Bewertungen und Bewertungen f\u00fcr unsere Dienstleistungen oder Produkte anzufordern<\/li>\n<li>f\u00fcr Follow ups (Chat, E-Mail oder Telefonkommunikation)<\/li><\/ul><br><br>\n\n<strong>Wie sch\u00fctzen wir Ihre Daten?<\/strong><br>\nWir suchen regelm\u00e4\u00dfig nach Malware und Viren.\nIhre pers\u00f6nlichen Daten befinden sich hinter einem sicheren Netzwerk und sind nur einer begrenzten Anzahl von Personen zug\u00e4nglich, die \u00fcber besondere Zugriffsrechte auf solche Systeme verf\u00fcgen und vertrauliche Informationen aufbewahren m\u00fcssen.\nDar\u00fcber hinaus ist unsere gesamte Site mit der SSL-Technologie (Secure Socket Layer) verschl\u00fcsselt.\n<br><br>\nWir wenden auch andere Sicherheitsma\u00dfnahmen (in \u00dcbereinstimmung mit den Datenschutzbestimmungen) an, wenn ein Benutzer eine Bestellung aufgibt oder Zugriff auf seine Informationen erh\u00e4lt, um die Sicherheit pers\u00f6nlicher Informationen zu gew\u00e4hrleisten.\n<br><br>\n<strong>Weitergabe von Informationen an Dritte<\/strong><br>\nWir verkaufen, liefern, handeln oder \u00fcbertragen Ihre pers\u00f6nlichen Daten nicht an Dritte.\nWir k\u00f6nnen Informationen bereitstellen, wenn wir ein Gesetz \/ eine Rechtssituation einhalten, unsere Website-Richtlinien implementieren oder unsere Rechte oder die Rechte anderer sch\u00fctzen m\u00fcssen.\n<br><br>\n<strong>Links von Drittanbietern<\/strong><br>\nGelegentlich k\u00f6nnen wir nach unserem Ermessen Produkte oder Dienstleistungen von Drittanbietern auf unserer Website aufnehmen oder anbieten. Diese Websites von Drittanbietern haben separate und unabh\u00e4ngige Datenschutzrichtlinien. Daher \u00fcbernehmen wir keine Verantwortung oder Verantwortung f\u00fcr den Inhalt und die Aktivit\u00e4ten dieser verlinkten Seiten. Wir bem\u00fchen uns jedoch, die Integrit\u00e4t unserer Website zu sch\u00fctzen und Kommentare zu diesen Websites zu erhalten.\n<br><br>\n<strong>Google Analytics<\/strong><br>\nWir verwenden andere Cookies (z. B. Google Analytics-Cookies).\nWenn Sie die Cookie-Richtlinie w\u00e4hrend Ihres Besuchs auf unserer Website nicht akzeptieren, wird das Google Analytics-Tracking deaktiviert (Sie k\u00f6nnen es blockieren, wenn Sie sich auf unserer Website anmelden).\n\nWir sammeln Ihre E-Mail-Adresse (wenn wir Ihre Zustimmung haben):\n<br><br>\n<ul>\n<li>um Ihnen Informationen zu senden, Fragen und \/ oder andere Anfragen zu beantworten<\/li>\n<li>um Ihnen Informationen zu Ihrer Bestellung, Anfrage, Buchung oder Rechnung zu senden<\/li>\n<li>um Ihnen zus\u00e4tzliche Informationen zu unseren Produkten und \/ oder Dienstleistungen zu senden<\/li>\n<\/ul>\n<br>\nWenn Sie sich jederzeit vom Erhalt zuk\u00fcnftiger E-Mails abmelden m\u00f6chten, k\u00f6nnen Sie uns eine E-Mail an info@traitorakis.travel senden. Wir werden dann ALLE Ihre Informationen sofort aus unserer E-Mail entfernen.\n<br><br>\n<strong>\u00c4nderungen unserer Datenschutzerkl\u00e4rung<\/strong><br>\nWir k\u00f6nnen diese \u201eDatenschutzrichtlinie\u201c von Zeit zu Zeit \u00e4ndern, indem wir die neue Version auf unserer Website ver\u00f6ffentlichen. Bei wesentlichen \u00c4nderungen werden wir Sie angemessen warnen. Wir empfehlen Ihnen, unsere Website regelm\u00e4\u00dfig zu besuchen, um dar\u00fcber informiert zu werden, wie wir Ihre pers\u00f6nlichen Daten verwenden.\nWenn Sie unsere Website nach der Ver\u00f6ffentlichung von \u00c4nderungen an unserer Datenschutzrichtlinie weiterhin besuchen, ist dies ein Zeichen f\u00fcr die Akzeptanz der \u00c4nderungen.\n<br><br>\n<strong>Kontaktiere uns<\/strong><br>\nWenn Sie Fragen zu unserer Datenschutzrichtlinie haben, k\u00f6nnen Sie uns \u00fcber die folgenden Informationen kontaktieren.<br><br>\n\nAdresse:<br>\nKournas, Kavros 730 07 Georgioupolis<br>\nChania, Crete<br><br>\nKontakt-Telefon:<br>\n+30 2825061333<br>+30 6970787830<br><br>\n\nEmail: info@traitorakis.travel<\/p>\t\t<\/div>\n\t\t\t\t<\/div>\n\t\t\t\t\t<\/div>\n\t\t<\/div>\n\t\t\t\t\t\t\t<\/div>\n\t\t<\/section>\n\t\t\t\t\t<\/div>\n\t\t<\/div>\n\t\t\t\t\t\t\t<\/div>\n\t\t<\/section>\n\t\t\t\t\t\t<\/div>\n\t\t\t\t\t<\/div>\n\t\t","protected":false},"excerpt":{"rendered":"<p>Datenschutz-Bestimmungen Diese Datenschutzrichtlinie wurde geschrieben, um denjenigen, die daran interessiert sind, wie wir ihre pers\u00f6nlichen Daten auf unserer Website verwenden, einen besseren Service zu bieten. Bitte lesen Sie unsere Datenschutzbestimmungen sorgf\u00e4ltig durch, um klar zu verstehen, wie wir Ihre pers\u00f6nlichen Daten auf unserer Website sammeln, verwenden und sch\u00fctzen. Welche pers\u00f6nlichen Daten sammeln wir von Benutzern, [&hellip;]<\/p>\n","protected":false},"author":1,"featured_media":0,"parent":0,"menu_order":0,"comment_status":"closed","ping_status":"closed","template":"elementor_header_footer","meta":{"footnotes":""},"class_list":["post-2335","page","type-page","status-publish","hentry"],"_links":{"self":[{"href":"https:\/\/www.traitorakis.travel\/de\/wp-json\/wp\/v2\/pages\/2335","targetHints":{"allow":["GET"]}}],"collection":[{"href":"https:\/\/www.traitorakis.travel\/de\/wp-json\/wp\/v2\/pages"}],"about":[{"href":"https:\/\/www.traitorakis.travel\/de\/wp-json\/wp\/v2\/types\/page"}],"author":[{"embeddable":true,"href":"https:\/\/www.traitorakis.travel\/de\/wp-json\/wp\/v2\/users\/1"}],"replies":[{"embeddable":true,"href":"https:\/\/www.traitorakis.travel\/de\/wp-json\/wp\/v2\/comments?post=2335"}],"version-history":[{"count":9,"href":"https:\/\/www.traitorakis.travel\/de\/wp-json\/wp\/v2\/pages\/2335\/revisions"}],"predecessor-version":[{"id":2352,"href":"https:\/\/www.traitorakis.travel\/de\/wp-json\/wp\/v2\/pages\/2335\/revisions\/2352"}],"wp:attachment":[{"href":"https:\/\/www.traitorakis.travel\/de\/wp-json\/wp\/v2\/media?parent=2335"}],"curies":[{"name":"wp","href":"https:\/\/api.w.org\/{rel}","templated":true}]}}