{"id":2310,"date":"2021-07-12T10:21:33","date_gmt":"2021-07-12T07:21:33","guid":{"rendered":"https:\/\/www.traitorakis.travel\/cookies-policy\/"},"modified":"2021-07-12T10:35:09","modified_gmt":"2021-07-12T07:35:09","slug":"cookies-policy","status":"publish","type":"page","link":"https:\/\/www.traitorakis.travel\/de\/cookies-policy\/","title":{"rendered":"Cookie-Richtlinie"},"content":{"rendered":"\t\t<div data-elementor-type=\"wp-page\" data-elementor-id=\"2310\" class=\"elementor elementor-2310 elementor-2294\" data-elementor-settings=\"[]\">\n\t\t\t\t\t\t\t<div class=\"elementor-section-wrap\">\n\t\t\t\t\t\t\t<section class=\"elementor-section elementor-top-section elementor-element elementor-element-d0c65a3 elementor-section-full_width elementor-section-height-min-height elementor-section-items-stretch elementor-section-content-middle elementor-section-height-default\" data-id=\"d0c65a3\" data-element_type=\"section\" data-settings=\"{&quot;motion_fx_motion_fx_scrolling&quot;:&quot;yes&quot;,&quot;motion_fx_devices&quot;:[&quot;desktop&quot;,&quot;tablet&quot;,&quot;mobile&quot;]}\">\n\t\t\t\t\t\t<div class=\"elementor-container elementor-column-gap-no\">\n\t\t\t\t\t<div class=\"elementor-column elementor-col-100 elementor-top-column elementor-element elementor-element-8a07e73\" data-id=\"8a07e73\" data-element_type=\"column\" data-settings=\"{&quot;background_background&quot;:&quot;classic&quot;}\">\n\t\t\t<div class=\"elementor-widget-wrap elementor-element-populated\">\n\t\t\t\t\t\t\t\t<section class=\"elementor-section elementor-inner-section elementor-element elementor-element-079b24a elementor-section-full_width elementor-section-height-default elementor-section-height-default\" data-id=\"079b24a\" data-element_type=\"section\">\n\t\t\t\t\t\t<div class=\"elementor-container elementor-column-gap-default\">\n\t\t\t\t\t<div class=\"elementor-column elementor-col-100 elementor-inner-column elementor-element elementor-element-4053d99\" data-id=\"4053d99\" data-element_type=\"column\">\n\t\t\t<div class=\"elementor-widget-wrap elementor-element-populated\">\n\t\t\t\t\t\t\t\t<div class=\"elementor-element elementor-element-de41e53 elementor-widget elementor-widget-heading\" data-id=\"de41e53\" data-element_type=\"widget\" data-widget_type=\"heading.default\">\n\t\t\t\t<div class=\"elementor-widget-container\">\n\t\t\t<h1 class=\"elementor-heading-title elementor-size-default\">Cookie-Richtlinie<\/h1>\t\t<\/div>\n\t\t\t\t<\/div>\n\t\t\t\t<div class=\"elementor-element elementor-element-5f3acd8 elementor-widget elementor-widget-heading\" data-id=\"5f3acd8\" data-element_type=\"widget\" data-widget_type=\"heading.default\">\n\t\t\t\t<div class=\"elementor-widget-container\">\n\t\t\t<p class=\"elementor-heading-title elementor-size-default\">Um die reibungslose Funktionsweise der Website zu gew\u00e4hrleisten, legen wir manchmal kleine Dateien auf Ihren Computer, die so genannten Cookies.\n<br><br>\n<strong>Was sind Cookies?<\/strong><br>\nCookies sind kleine Dateien, die eine Website beim Besuch unserer Website auf Ihrem Computer oder mobilen Ger\u00e4t speichert. Auf diese Weise speichert die Website Ihre Aktionen und Pr\u00e4ferenzen (f\u00fcr einen bestimmten Zeitraum), sodass Sie diese Einstellungen nicht bei jedem Besuch unserer Website eingeben m\u00fcssen.\n<br><br>\n<strong>Wie verwenden wir Cookies?<\/strong><br>\nEinige unserer Seiten verwenden Cookies, die nicht unbedingt f\u00fcr den Betrieb der Website erforderlich sind, bieten jedoch bessere Navigationsfunktionen. Sie k\u00f6nnen diese Cookies l\u00f6schen oder deren Platzierung blockieren, aber wenn Sie dies tun, funktionieren bestimmte Website-Funktionen m\u00f6glicherweise nicht wie gew\u00fcnscht. Diese Cookies werden verwendet, um Folgendes zu merken:\n<br>\nIhre Anzeigeeinstellungen wie Navigationssprache, Farbkontrast, Schriftgr\u00f6\u00dfe, verwendetes Ger\u00e4t und Voreinstellungen f\u00fcr Suchergebnisse und Benachrichtigungen.\nBesuche auf unserer Website (f\u00fcr statistische Zwecke)\nob Sie der Verwendung von Cookies auf dieser Website zustimmen (oder nicht).\nWenn ein Video auf unseren Seiten eingebettet ist, verwenden diese normalerweise einen \u201eCookie\u201c, um anonyme Statistiken dar\u00fcber zu erhalten, wie Sie zu diesem Punkt gekommen sind und welche Videos Sie besucht haben.\n<br><br>\n<strong>Private Daten<\/strong><br>\nCookie-bezogene Informationen werden nicht zur Identifizierung von Benutzern oder Benutzerinformationen verwendet. Cookies werden nicht f\u00fcr andere Zwecke als die hier beschriebenen verwendet.<br>\n<br>\n<strong>Wie man Cookies kontrolliert<\/strong><br>\nSie k\u00f6nnen Cookies jederzeit kontrollieren und \/ oder l\u00f6schen. Sie k\u00f6nnen alle auf Ihrem Computer bereits vorhandenen Cookies l\u00f6schen und die meisten Browser so konfigurieren, dass das Platzieren von Cookies verhindert wird. In diesem Fall m\u00fcssen Sie jedoch m\u00f6glicherweise bestimmte Einstellungen bei jedem Besuch einer Website manuell anpassen, und einige Dienste funktionieren m\u00f6glicherweise nicht.<br>\n<br>\n<strong>Verweigerung von Cookies<\/strong><br>\nSie k\u00f6nnen auf dieser Seite Cookies akzeptieren, indem Sie die richtige Wahl treffen oder ablehnen (und nicht akzeptieren).<\/p>\t\t<\/div>\n\t\t\t\t<\/div>\n\t\t\t\t\t<\/div>\n\t\t<\/div>\n\t\t\t\t\t\t\t<\/div>\n\t\t<\/section>\n\t\t\t\t\t<\/div>\n\t\t<\/div>\n\t\t\t\t\t\t\t<\/div>\n\t\t<\/section>\n\t\t\t\t\t\t<\/div>\n\t\t\t\t\t<\/div>\n\t\t","protected":false},"excerpt":{"rendered":"<p>Cookie-Richtlinie Um die reibungslose Funktionsweise der Website zu gew\u00e4hrleisten, legen wir manchmal kleine Dateien auf Ihren Computer, die so genannten Cookies. Was sind Cookies? Cookies sind kleine Dateien, die eine Website beim Besuch unserer Website auf Ihrem Computer oder mobilen Ger\u00e4t speichert. Auf diese Weise speichert die Website Ihre Aktionen und Pr\u00e4ferenzen (f\u00fcr einen bestimmten [&hellip;]<\/p>\n","protected":false},"author":1,"featured_media":0,"parent":0,"menu_order":0,"comment_status":"closed","ping_status":"closed","template":"elementor_header_footer","meta":{"footnotes":""},"class_list":["post-2310","page","type-page","status-publish","hentry"],"_links":{"self":[{"href":"https:\/\/www.traitorakis.travel\/de\/wp-json\/wp\/v2\/pages\/2310","targetHints":{"allow":["GET"]}}],"collection":[{"href":"https:\/\/www.traitorakis.travel\/de\/wp-json\/wp\/v2\/pages"}],"about":[{"href":"https:\/\/www.traitorakis.travel\/de\/wp-json\/wp\/v2\/types\/page"}],"author":[{"embeddable":true,"href":"https:\/\/www.traitorakis.travel\/de\/wp-json\/wp\/v2\/users\/1"}],"replies":[{"embeddable":true,"href":"https:\/\/www.traitorakis.travel\/de\/wp-json\/wp\/v2\/comments?post=2310"}],"version-history":[{"count":5,"href":"https:\/\/www.traitorakis.travel\/de\/wp-json\/wp\/v2\/pages\/2310\/revisions"}],"predecessor-version":[{"id":2318,"href":"https:\/\/www.traitorakis.travel\/de\/wp-json\/wp\/v2\/pages\/2310\/revisions\/2318"}],"wp:attachment":[{"href":"https:\/\/www.traitorakis.travel\/de\/wp-json\/wp\/v2\/media?parent=2310"}],"curies":[{"name":"wp","href":"https:\/\/api.w.org\/{rel}","templated":true}]}}