{"id":2219,"date":"2021-04-14T15:05:43","date_gmt":"2021-04-14T12:05:43","guid":{"rendered":"https:\/\/www.traitorakis.travel\/our-location\/"},"modified":"2021-06-10T11:56:33","modified_gmt":"2021-06-10T08:56:33","slug":"our-location","status":"publish","type":"page","link":"https:\/\/www.traitorakis.travel\/de\/our-location\/","title":{"rendered":"Unser Standort"},"content":{"rendered":"\t\t<div data-elementor-type=\"wp-page\" data-elementor-id=\"2219\" class=\"elementor elementor-2219 elementor-816\" data-elementor-settings=\"[]\">\n\t\t\t\t\t\t\t<div class=\"elementor-section-wrap\">\n\t\t\t\t\t\t\t<section class=\"elementor-section elementor-top-section elementor-element elementor-element-d0c5831 elementor-section-full_width elementor-section-items-stretch elementor-section-content-middle elementor-section-height-min-height elementor-section-height-default\" data-id=\"d0c5831\" data-element_type=\"section\" data-settings=\"{&quot;motion_fx_motion_fx_scrolling&quot;:&quot;yes&quot;,&quot;motion_fx_devices&quot;:[&quot;desktop&quot;,&quot;tablet&quot;,&quot;mobile&quot;]}\">\n\t\t\t\t\t\t<div class=\"elementor-container elementor-column-gap-no\">\n\t\t\t\t\t<div class=\"elementor-column elementor-col-50 elementor-top-column elementor-element elementor-element-ce32a62\" data-id=\"ce32a62\" data-element_type=\"column\" data-settings=\"{&quot;background_background&quot;:&quot;classic&quot;}\">\n\t\t\t<div class=\"elementor-widget-wrap elementor-element-populated\">\n\t\t\t\t\t\t\t\t<div class=\"elementor-element elementor-element-b50c255 animated-slow elementor-widget elementor-widget-image\" data-id=\"b50c255\" data-element_type=\"widget\" data-settings=\"{&quot;_animation&quot;:&quot;none&quot;}\" data-widget_type=\"image.default\">\n\t\t\t\t<div class=\"elementor-widget-container\">\n\t\t\t\t\t<div class=\"elementor-image\">\n\t\t\t\t\t\t\t\t\t\t<img loading=\"lazy\" decoding=\"async\" width=\"512\" height=\"512\" src=\"https:\/\/www.traitorakis.travel\/wp-content\/uploads\/2021\/04\/location-main-1.jpg\" class=\"attachment-full size-full\" alt=\"St. George Church in Georgioupolis\" srcset=\"https:\/\/www.traitorakis.travel\/wp-content\/uploads\/2021\/04\/location-main-1.jpg 512w, https:\/\/www.traitorakis.travel\/wp-content\/uploads\/2021\/04\/location-main-1-300x300.jpg 300w, https:\/\/www.traitorakis.travel\/wp-content\/uploads\/2021\/04\/location-main-1-150x150.jpg 150w\" sizes=\"auto, (max-width: 512px) 100vw, 512px\" \/>\t\t\t\t\t\t\t\t\t\t\t<\/div>\n\t\t\t\t<\/div>\n\t\t\t\t<\/div>\n\t\t\t\t\t<\/div>\n\t\t<\/div>\n\t\t\t\t<div class=\"elementor-column elementor-col-50 elementor-top-column elementor-element elementor-element-a7762f6\" data-id=\"a7762f6\" data-element_type=\"column\" data-settings=\"{&quot;background_background&quot;:&quot;classic&quot;}\">\n\t\t\t<div class=\"elementor-widget-wrap elementor-element-populated\">\n\t\t\t\t\t\t\t\t<section class=\"elementor-section elementor-inner-section elementor-element elementor-element-84f7dd0 elementor-section-full_width elementor-section-height-default elementor-section-height-default\" data-id=\"84f7dd0\" data-element_type=\"section\">\n\t\t\t\t\t\t<div class=\"elementor-container elementor-column-gap-default\">\n\t\t\t\t\t<div class=\"elementor-column elementor-col-100 elementor-inner-column elementor-element elementor-element-c38d49c\" data-id=\"c38d49c\" data-element_type=\"column\">\n\t\t\t<div class=\"elementor-widget-wrap elementor-element-populated\">\n\t\t\t\t\t\t\t\t<div class=\"elementor-element elementor-element-28d3ccd elementor-widget elementor-widget-heading\" data-id=\"28d3ccd\" data-element_type=\"widget\" data-widget_type=\"heading.default\">\n\t\t\t\t<div class=\"elementor-widget-container\">\n\t\t\t<h1 class=\"elementor-heading-title elementor-size-default\">Unser <br>Standort<\/h1>\t\t<\/div>\n\t\t\t\t<\/div>\n\t\t\t\t<div class=\"elementor-element elementor-element-d0aff67 elementor-widget elementor-widget-heading\" data-id=\"d0aff67\" data-element_type=\"widget\" data-widget_type=\"heading.default\">\n\t\t\t\t<div class=\"elementor-widget-container\">\n\t\t\t<p class=\"elementor-heading-title elementor-size-default\">Georgioupolis ist ein K\u00fcstenort, der 40 km von der Stadt Chania und 20 km von Rethymnon entfernt liegt und etwa 450 st\u00e4ndige Einwohner hat. Es ist eines der beliebtesten Sommerresorts in der Pr\u00e4fektur und liegt an der M\u00fcndung von Perastiko und Almyros am Rande des riesigen Sandstrandes. Georgioupolis wurde zu Ehren von Prinz George benannt, der als Hochkommissar f\u00fcr Kreta diente.<\/p>\t\t<\/div>\n\t\t\t\t<\/div>\n\t\t\t\t\t<\/div>\n\t\t<\/div>\n\t\t\t\t\t\t\t<\/div>\n\t\t<\/section>\n\t\t\t\t\t<\/div>\n\t\t<\/div>\n\t\t\t\t\t\t\t<\/div>\n\t\t<\/section>\n\t\t\t\t<section class=\"elementor-section elementor-top-section elementor-element elementor-element-ba056eb elementor-section-full_width elementor-reverse-tablet elementor-reverse-mobile elementor-section-height-default elementor-section-height-default\" data-id=\"ba056eb\" data-element_type=\"section\" data-settings=\"{&quot;motion_fx_motion_fx_scrolling&quot;:&quot;yes&quot;,&quot;motion_fx_devices&quot;:[&quot;desktop&quot;,&quot;tablet&quot;,&quot;mobile&quot;]}\">\n\t\t\t\t\t\t<div class=\"elementor-container elementor-column-gap-no\">\n\t\t\t\t\t<div class=\"elementor-column elementor-col-50 elementor-top-column elementor-element elementor-element-59a0ada\" data-id=\"59a0ada\" data-element_type=\"column\">\n\t\t\t<div class=\"elementor-widget-wrap elementor-element-populated\">\n\t\t\t\t\t\t\t\t<section class=\"elementor-section elementor-inner-section elementor-element elementor-element-d19b7c6 elementor-section-full_width elementor-section-height-default elementor-section-height-default\" data-id=\"d19b7c6\" data-element_type=\"section\">\n\t\t\t\t\t\t<div class=\"elementor-container elementor-column-gap-no\">\n\t\t\t\t\t<div class=\"elementor-column elementor-col-100 elementor-inner-column elementor-element elementor-element-6676a5d\" data-id=\"6676a5d\" data-element_type=\"column\">\n\t\t\t<div class=\"elementor-widget-wrap elementor-element-populated\">\n\t\t\t\t\t\t\t\t<div class=\"elementor-element elementor-element-71ae7d8 elementor-widget elementor-widget-heading\" data-id=\"71ae7d8\" data-element_type=\"widget\" data-widget_type=\"heading.default\">\n\t\t\t\t<div class=\"elementor-widget-container\">\n\t\t\t<h2 class=\"elementor-heading-title elementor-size-default\">GEORGIOUPOLIS<\/h2>\t\t<\/div>\n\t\t\t\t<\/div>\n\t\t\t\t<div class=\"elementor-element elementor-element-ef2a3bf elementor-widget elementor-widget-text-editor\" data-id=\"ef2a3bf\" data-element_type=\"widget\" data-widget_type=\"text-editor.default\">\n\t\t\t\t<div class=\"elementor-widget-container\">\n\t\t\t\t\t<div class=\"elementor-text-editor elementor-clearfix\">Die Gegend von Georgioupolis ist ber\u00fchmt f\u00fcr ihre Sch\u00f6nheit, weshalb sie sowohl f\u00fcr Touristen als auch f\u00fcr &#8222;Einheimische&#8220; eine h\u00e4ufige Wahl ist. Es ist ein Gebiet im Gr\u00fcnen und im flie\u00dfenden Wasser, w\u00e4hrend die beiden Fl\u00fcsse eine magische Landschaft bilden. Einer der beiden Fl\u00fcsse, die kurz vor dem Meer &#8222;Almyros&#8220; genannt werden, bildet einen kleinen See, in dem bewundernswerte Wasserlebewesen leben. Die rein wei\u00dfe Kirche von Ai Nikolas im Meer perfektioniert das Spektakel, da sie den Besuchern Ruhe und Frieden bietet.<\/div>\n\t\t\t\t<\/div>\n\t\t\t\t<\/div>\n\t\t\t\t<div class=\"elementor-element elementor-element-f32b58d elementor-widget elementor-widget-image\" data-id=\"f32b58d\" data-element_type=\"widget\" data-widget_type=\"image.default\">\n\t\t\t\t<div class=\"elementor-widget-container\">\n\t\t\t\t\t<div class=\"elementor-image\">\n\t\t\t\t\t\t\t\t\t\t<img loading=\"lazy\" decoding=\"async\" width=\"1920\" height=\"1080\" src=\"https:\/\/www.traitorakis.travel\/wp-content\/uploads\/2021\/04\/location-low-1.jpg\" class=\"attachment-full size-full\" alt=\"Georgioupolis Beach\" srcset=\"https:\/\/www.traitorakis.travel\/wp-content\/uploads\/2021\/04\/location-low-1.jpg 1920w, https:\/\/www.traitorakis.travel\/wp-content\/uploads\/2021\/04\/location-low-1-300x169.jpg 300w, https:\/\/www.traitorakis.travel\/wp-content\/uploads\/2021\/04\/location-low-1-1024x576.jpg 1024w, https:\/\/www.traitorakis.travel\/wp-content\/uploads\/2021\/04\/location-low-1-768x432.jpg 768w, https:\/\/www.traitorakis.travel\/wp-content\/uploads\/2021\/04\/location-low-1-1536x864.jpg 1536w\" sizes=\"auto, (max-width: 1920px) 100vw, 1920px\" \/>\t\t\t\t\t\t\t\t\t\t\t<\/div>\n\t\t\t\t<\/div>\n\t\t\t\t<\/div>\n\t\t\t\t\t<\/div>\n\t\t<\/div>\n\t\t\t\t\t\t\t<\/div>\n\t\t<\/section>\n\t\t\t\t<div class=\"elementor-element elementor-element-0536ba3 elementor-widget__width-initial elementor-widget elementor-widget-spacer\" data-id=\"0536ba3\" data-element_type=\"widget\" data-widget_type=\"spacer.default\">\n\t\t\t\t<div class=\"elementor-widget-container\">\n\t\t\t\t\t<div class=\"elementor-spacer\">\n\t\t\t<div class=\"elementor-spacer-inner\"><\/div>\n\t\t<\/div>\n\t\t\t\t<\/div>\n\t\t\t\t<\/div>\n\t\t\t\t\t<\/div>\n\t\t<\/div>\n\t\t\t\t<div class=\"elementor-column elementor-col-50 elementor-top-column elementor-element elementor-element-0dc471f elementor-hidden-phone\" data-id=\"0dc471f\" data-element_type=\"column\">\n\t\t\t<div class=\"elementor-widget-wrap elementor-element-populated\">\n\t\t\t\t\t\t\t\t<div class=\"elementor-element elementor-element-abee914 elementor-widget elementor-widget-spacer\" data-id=\"abee914\" data-element_type=\"widget\" data-widget_type=\"spacer.default\">\n\t\t\t\t<div class=\"elementor-widget-container\">\n\t\t\t\t\t<div class=\"elementor-spacer\">\n\t\t\t<div class=\"elementor-spacer-inner\"><\/div>\n\t\t<\/div>\n\t\t\t\t<\/div>\n\t\t\t\t<\/div>\n\t\t\t\t\t<\/div>\n\t\t<\/div>\n\t\t\t\t\t\t\t<\/div>\n\t\t<\/section>\n\t\t\t\t\t\t<\/div>\n\t\t\t\t\t<\/div>\n\t\t","protected":false},"excerpt":{"rendered":"<p>Unser Standort Georgioupolis ist ein K\u00fcstenort, der 40 km von der Stadt Chania und 20 km von Rethymnon entfernt liegt und etwa 450 st\u00e4ndige Einwohner hat. Es ist eines der beliebtesten Sommerresorts in der Pr\u00e4fektur und liegt an der M\u00fcndung von Perastiko und Almyros am Rande des riesigen Sandstrandes. Georgioupolis wurde zu Ehren von Prinz [&hellip;]<\/p>\n","protected":false},"author":1,"featured_media":0,"parent":0,"menu_order":0,"comment_status":"closed","ping_status":"closed","template":"elementor_header_footer","meta":{"footnotes":""},"class_list":["post-2219","page","type-page","status-publish","hentry"],"_links":{"self":[{"href":"https:\/\/www.traitorakis.travel\/de\/wp-json\/wp\/v2\/pages\/2219","targetHints":{"allow":["GET"]}}],"collection":[{"href":"https:\/\/www.traitorakis.travel\/de\/wp-json\/wp\/v2\/pages"}],"about":[{"href":"https:\/\/www.traitorakis.travel\/de\/wp-json\/wp\/v2\/types\/page"}],"author":[{"embeddable":true,"href":"https:\/\/www.traitorakis.travel\/de\/wp-json\/wp\/v2\/users\/1"}],"replies":[{"embeddable":true,"href":"https:\/\/www.traitorakis.travel\/de\/wp-json\/wp\/v2\/comments?post=2219"}],"version-history":[{"count":4,"href":"https:\/\/www.traitorakis.travel\/de\/wp-json\/wp\/v2\/pages\/2219\/revisions"}],"predecessor-version":[{"id":2223,"href":"https:\/\/www.traitorakis.travel\/de\/wp-json\/wp\/v2\/pages\/2219\/revisions\/2223"}],"wp:attachment":[{"href":"https:\/\/www.traitorakis.travel\/de\/wp-json\/wp\/v2\/media?parent=2219"}],"curies":[{"name":"wp","href":"https:\/\/api.w.org\/{rel}","templated":true}]}}