{"id":2214,"date":"2021-04-14T14:41:36","date_gmt":"2021-04-14T11:41:36","guid":{"rendered":"https:\/\/www.traitorakis.travel\/wedding-transfer\/"},"modified":"2021-06-10T11:54:24","modified_gmt":"2021-06-10T08:54:24","slug":"wedding-transfer","status":"publish","type":"page","link":"https:\/\/www.traitorakis.travel\/de\/wedding-transfer\/","title":{"rendered":"Hochzeitstransfer"},"content":{"rendered":"\t\t<div data-elementor-type=\"wp-page\" data-elementor-id=\"2214\" class=\"elementor elementor-2214 elementor-792\" data-elementor-settings=\"[]\">\n\t\t\t\t\t\t\t<div class=\"elementor-section-wrap\">\n\t\t\t\t\t\t\t<section class=\"elementor-section elementor-top-section elementor-element elementor-element-56edb36 elementor-section-full_width elementor-section-height-min-height elementor-section-items-stretch elementor-section-content-middle elementor-section-height-default\" data-id=\"56edb36\" data-element_type=\"section\" data-settings=\"{&quot;motion_fx_motion_fx_scrolling&quot;:&quot;yes&quot;,&quot;motion_fx_devices&quot;:[&quot;desktop&quot;,&quot;tablet&quot;,&quot;mobile&quot;]}\">\n\t\t\t\t\t\t<div class=\"elementor-container elementor-column-gap-no\">\n\t\t\t\t\t<div class=\"elementor-column elementor-col-50 elementor-top-column elementor-element elementor-element-47d1cfc\" data-id=\"47d1cfc\" data-element_type=\"column\" data-settings=\"{&quot;background_background&quot;:&quot;classic&quot;}\">\n\t\t\t<div class=\"elementor-widget-wrap elementor-element-populated\">\n\t\t\t\t\t\t\t\t<div class=\"elementor-element elementor-element-8634432 animated-slow elementor-widget elementor-widget-image\" data-id=\"8634432\" data-element_type=\"widget\" data-settings=\"{&quot;_animation&quot;:&quot;none&quot;}\" data-widget_type=\"image.default\">\n\t\t\t\t<div class=\"elementor-widget-container\">\n\t\t\t\t\t<div class=\"elementor-image\">\n\t\t\t\t\t\t\t\t\t\t<img loading=\"lazy\" decoding=\"async\" width=\"1200\" height=\"1200\" src=\"https:\/\/www.traitorakis.travel\/wp-content\/uploads\/2021\/04\/wedding-trans-main.jpg\" class=\"attachment-full size-full\" alt=\"Traitorakis Wedding Transfers\" srcset=\"https:\/\/www.traitorakis.travel\/wp-content\/uploads\/2021\/04\/wedding-trans-main.jpg 1200w, https:\/\/www.traitorakis.travel\/wp-content\/uploads\/2021\/04\/wedding-trans-main-300x300.jpg 300w, https:\/\/www.traitorakis.travel\/wp-content\/uploads\/2021\/04\/wedding-trans-main-1024x1024.jpg 1024w, https:\/\/www.traitorakis.travel\/wp-content\/uploads\/2021\/04\/wedding-trans-main-150x150.jpg 150w, https:\/\/www.traitorakis.travel\/wp-content\/uploads\/2021\/04\/wedding-trans-main-768x768.jpg 768w\" sizes=\"auto, (max-width: 1200px) 100vw, 1200px\" \/>\t\t\t\t\t\t\t\t\t\t\t<\/div>\n\t\t\t\t<\/div>\n\t\t\t\t<\/div>\n\t\t\t\t\t<\/div>\n\t\t<\/div>\n\t\t\t\t<div class=\"elementor-column elementor-col-50 elementor-top-column elementor-element elementor-element-d16aa62\" data-id=\"d16aa62\" data-element_type=\"column\" data-settings=\"{&quot;background_background&quot;:&quot;classic&quot;}\">\n\t\t\t<div class=\"elementor-widget-wrap elementor-element-populated\">\n\t\t\t\t\t\t\t\t<section class=\"elementor-section elementor-inner-section elementor-element elementor-element-76bc424 elementor-section-full_width elementor-section-height-default elementor-section-height-default\" data-id=\"76bc424\" data-element_type=\"section\">\n\t\t\t\t\t\t<div class=\"elementor-container elementor-column-gap-default\">\n\t\t\t\t\t<div class=\"elementor-column elementor-col-100 elementor-inner-column elementor-element elementor-element-abc35c1\" data-id=\"abc35c1\" data-element_type=\"column\">\n\t\t\t<div class=\"elementor-widget-wrap elementor-element-populated\">\n\t\t\t\t\t\t\t\t<div class=\"elementor-element elementor-element-02984fb elementor-widget elementor-widget-heading\" data-id=\"02984fb\" data-element_type=\"widget\" data-widget_type=\"heading.default\">\n\t\t\t\t<div class=\"elementor-widget-container\">\n\t\t\t<h1 class=\"elementor-heading-title elementor-size-default\">Hochzeitstransfer<\/h1>\t\t<\/div>\n\t\t\t\t<\/div>\n\t\t\t\t<div class=\"elementor-element elementor-element-f56618b elementor-widget elementor-widget-heading\" data-id=\"f56618b\" data-element_type=\"widget\" data-widget_type=\"heading.default\">\n\t\t\t\t<div class=\"elementor-widget-container\">\n\t\t\t<p class=\"elementor-heading-title elementor-size-default\">Bei Reiseb\u00fcro Traitorakis m\u00f6chten wir Sie dem gl\u00fccklichsten Moment Ihres Lebens einen Schritt n\u00e4herbringen, genauso wie Sie es sich ertr\u00e4umt haben.\nWir \u00fcbernehmen Ihren Transport sowie den Ihrer Verwandten oder G\u00e4sten mit den von Ihnen gew\u00fcnschten Mitteln. Mit unseren Luxusfahrzeugen machen Sie den eindrucksvollsten Einstieg in Ihre Hochzeit und lassen diesen Tag f\u00fcr Sie und Ihre G\u00e4ste unvergesslich werden. Sie k\u00f6nnen entweder einen Limousinen Transport oder eines unserer anderen Luxusfahrzeuge w\u00e4hlen.\nDer Transfer kann am Ort der Hochzeit und der Hochzeitsveranstaltung sowie am Ort der R\u00fcckgabe erfolgen.\n<\/p>\t\t<\/div>\n\t\t\t\t<\/div>\n\t\t\t\t\t<\/div>\n\t\t<\/div>\n\t\t\t\t\t\t\t<\/div>\n\t\t<\/section>\n\t\t\t\t\t<\/div>\n\t\t<\/div>\n\t\t\t\t\t\t\t<\/div>\n\t\t<\/section>\n\t\t\t\t<section class=\"elementor-section elementor-top-section elementor-element elementor-element-70415e5 elementor-section-full_width elementor-section-height-default elementor-section-height-default\" data-id=\"70415e5\" data-element_type=\"section\">\n\t\t\t\t\t\t<div class=\"elementor-container elementor-column-gap-no\">\n\t\t\t\t\t<div class=\"elementor-column elementor-col-33 elementor-top-column elementor-element elementor-element-d048710\" data-id=\"d048710\" data-element_type=\"column\">\n\t\t\t<div class=\"elementor-widget-wrap elementor-element-populated\">\n\t\t\t\t\t\t\t\t<div class=\"elementor-element elementor-element-d3a384e elementor-widget elementor-widget-image\" data-id=\"d3a384e\" data-element_type=\"widget\" data-widget_type=\"image.default\">\n\t\t\t\t<div class=\"elementor-widget-container\">\n\t\t\t\t\t<div class=\"elementor-image\">\n\t\t\t\t\t\t\t\t\t\t\t<a href=\"https:\/\/www.traitorakis.travel\/wp-content\/uploads\/2021\/04\/wedding-trans-2.jpg\" data-elementor-open-lightbox=\"yes\">\n\t\t\t\t\t\t\t<img loading=\"lazy\" decoding=\"async\" width=\"1200\" height=\"900\" src=\"https:\/\/www.traitorakis.travel\/wp-content\/uploads\/2021\/04\/wedding-trans-2.jpg\" class=\"attachment-full size-full\" alt=\"Traitorakis Wedding Transfers\" srcset=\"https:\/\/www.traitorakis.travel\/wp-content\/uploads\/2021\/04\/wedding-trans-2.jpg 1200w, https:\/\/www.traitorakis.travel\/wp-content\/uploads\/2021\/04\/wedding-trans-2-300x225.jpg 300w, https:\/\/www.traitorakis.travel\/wp-content\/uploads\/2021\/04\/wedding-trans-2-1024x768.jpg 1024w, https:\/\/www.traitorakis.travel\/wp-content\/uploads\/2021\/04\/wedding-trans-2-768x576.jpg 768w\" sizes=\"auto, (max-width: 1200px) 100vw, 1200px\" \/>\t\t\t\t\t\t\t\t<\/a>\n\t\t\t\t\t\t\t\t\t\t\t<\/div>\n\t\t\t\t<\/div>\n\t\t\t\t<\/div>\n\t\t\t\t\t<\/div>\n\t\t<\/div>\n\t\t\t\t<div class=\"elementor-column elementor-col-33 elementor-top-column elementor-element elementor-element-7bfebcf\" data-id=\"7bfebcf\" data-element_type=\"column\">\n\t\t\t<div class=\"elementor-widget-wrap elementor-element-populated\">\n\t\t\t\t\t\t\t\t<div class=\"elementor-element elementor-element-d7620d8 elementor-widget elementor-widget-image\" data-id=\"d7620d8\" data-element_type=\"widget\" data-widget_type=\"image.default\">\n\t\t\t\t<div class=\"elementor-widget-container\">\n\t\t\t\t\t<div class=\"elementor-image\">\n\t\t\t\t\t\t\t\t\t\t\t<a href=\"https:\/\/www.traitorakis.travel\/wp-content\/uploads\/2021\/04\/wedding-trans-1.jpg\" data-elementor-open-lightbox=\"yes\">\n\t\t\t\t\t\t\t<img loading=\"lazy\" decoding=\"async\" width=\"1200\" height=\"900\" src=\"https:\/\/www.traitorakis.travel\/wp-content\/uploads\/2021\/04\/wedding-trans-1.jpg\" class=\"attachment-full size-full\" alt=\"Traitorakis Wedding Transfers\" srcset=\"https:\/\/www.traitorakis.travel\/wp-content\/uploads\/2021\/04\/wedding-trans-1.jpg 1200w, https:\/\/www.traitorakis.travel\/wp-content\/uploads\/2021\/04\/wedding-trans-1-300x225.jpg 300w, https:\/\/www.traitorakis.travel\/wp-content\/uploads\/2021\/04\/wedding-trans-1-1024x768.jpg 1024w, https:\/\/www.traitorakis.travel\/wp-content\/uploads\/2021\/04\/wedding-trans-1-768x576.jpg 768w\" sizes=\"auto, (max-width: 1200px) 100vw, 1200px\" \/>\t\t\t\t\t\t\t\t<\/a>\n\t\t\t\t\t\t\t\t\t\t\t<\/div>\n\t\t\t\t<\/div>\n\t\t\t\t<\/div>\n\t\t\t\t\t<\/div>\n\t\t<\/div>\n\t\t\t\t<div class=\"elementor-column elementor-col-33 elementor-top-column elementor-element elementor-element-292a86d\" data-id=\"292a86d\" data-element_type=\"column\">\n\t\t\t<div class=\"elementor-widget-wrap elementor-element-populated\">\n\t\t\t\t\t\t\t\t<div class=\"elementor-element elementor-element-3bfa412 elementor-widget elementor-widget-image\" data-id=\"3bfa412\" data-element_type=\"widget\" data-widget_type=\"image.default\">\n\t\t\t\t<div class=\"elementor-widget-container\">\n\t\t\t\t\t<div class=\"elementor-image\">\n\t\t\t\t\t\t\t\t\t\t\t<a href=\"https:\/\/www.traitorakis.travel\/wp-content\/uploads\/2021\/04\/wedding-trans-3.jpg\" data-elementor-open-lightbox=\"yes\">\n\t\t\t\t\t\t\t<img loading=\"lazy\" decoding=\"async\" width=\"1200\" height=\"900\" src=\"https:\/\/www.traitorakis.travel\/wp-content\/uploads\/2021\/04\/wedding-trans-3.jpg\" class=\"attachment-full size-full\" alt=\"Traitorakis Wedding Transfers\" srcset=\"https:\/\/www.traitorakis.travel\/wp-content\/uploads\/2021\/04\/wedding-trans-3.jpg 1200w, https:\/\/www.traitorakis.travel\/wp-content\/uploads\/2021\/04\/wedding-trans-3-300x225.jpg 300w, https:\/\/www.traitorakis.travel\/wp-content\/uploads\/2021\/04\/wedding-trans-3-1024x768.jpg 1024w, https:\/\/www.traitorakis.travel\/wp-content\/uploads\/2021\/04\/wedding-trans-3-768x576.jpg 768w\" sizes=\"auto, (max-width: 1200px) 100vw, 1200px\" \/>\t\t\t\t\t\t\t\t<\/a>\n\t\t\t\t\t\t\t\t\t\t\t<\/div>\n\t\t\t\t<\/div>\n\t\t\t\t<\/div>\n\t\t\t\t\t<\/div>\n\t\t<\/div>\n\t\t\t\t\t\t\t<\/div>\n\t\t<\/section>\n\t\t\t\t\t\t<\/div>\n\t\t\t\t\t<\/div>\n\t\t","protected":false},"excerpt":{"rendered":"<p>Hochzeitstransfer Bei Reiseb\u00fcro Traitorakis m\u00f6chten wir Sie dem gl\u00fccklichsten Moment Ihres Lebens einen Schritt n\u00e4herbringen, genauso wie Sie es sich ertr\u00e4umt haben. Wir \u00fcbernehmen Ihren Transport sowie den Ihrer Verwandten oder G\u00e4sten mit den von Ihnen gew\u00fcnschten Mitteln. Mit unseren Luxusfahrzeugen machen Sie den eindrucksvollsten Einstieg in Ihre Hochzeit und lassen diesen Tag f\u00fcr Sie [&hellip;]<\/p>\n","protected":false},"author":1,"featured_media":0,"parent":0,"menu_order":0,"comment_status":"closed","ping_status":"closed","template":"elementor_header_footer","meta":{"footnotes":""},"class_list":["post-2214","page","type-page","status-publish","hentry"],"_links":{"self":[{"href":"https:\/\/www.traitorakis.travel\/de\/wp-json\/wp\/v2\/pages\/2214","targetHints":{"allow":["GET"]}}],"collection":[{"href":"https:\/\/www.traitorakis.travel\/de\/wp-json\/wp\/v2\/pages"}],"about":[{"href":"https:\/\/www.traitorakis.travel\/de\/wp-json\/wp\/v2\/types\/page"}],"author":[{"embeddable":true,"href":"https:\/\/www.traitorakis.travel\/de\/wp-json\/wp\/v2\/users\/1"}],"replies":[{"embeddable":true,"href":"https:\/\/www.traitorakis.travel\/de\/wp-json\/wp\/v2\/comments?post=2214"}],"version-history":[{"count":4,"href":"https:\/\/www.traitorakis.travel\/de\/wp-json\/wp\/v2\/pages\/2214\/revisions"}],"predecessor-version":[{"id":2218,"href":"https:\/\/www.traitorakis.travel\/de\/wp-json\/wp\/v2\/pages\/2214\/revisions\/2218"}],"wp:attachment":[{"href":"https:\/\/www.traitorakis.travel\/de\/wp-json\/wp\/v2\/media?parent=2214"}],"curies":[{"name":"wp","href":"https:\/\/api.w.org\/{rel}","templated":true}]}}