{"id":2187,"date":"2021-04-13T11:18:24","date_gmt":"2021-04-13T08:18:24","guid":{"rendered":"https:\/\/www.traitorakis.travel\/customized-trips\/"},"modified":"2022-02-18T12:18:42","modified_gmt":"2022-02-18T10:18:42","slug":"customized-trips","status":"publish","type":"page","link":"https:\/\/www.traitorakis.travel\/de\/customized-trips\/","title":{"rendered":"Kundenspezifische Reisen"},"content":{"rendered":"\t\t<div data-elementor-type=\"wp-page\" data-elementor-id=\"2187\" class=\"elementor elementor-2187 elementor-636\" data-elementor-settings=\"[]\">\n\t\t\t\t\t\t\t<div class=\"elementor-section-wrap\">\n\t\t\t\t\t\t\t<section class=\"elementor-section elementor-top-section elementor-element elementor-element-d3c5d8b elementor-section-full_width elementor-section-height-min-height elementor-section-items-stretch elementor-section-content-middle elementor-section-height-default\" data-id=\"d3c5d8b\" data-element_type=\"section\" data-settings=\"{&quot;motion_fx_motion_fx_scrolling&quot;:&quot;yes&quot;,&quot;motion_fx_devices&quot;:[&quot;desktop&quot;,&quot;tablet&quot;,&quot;mobile&quot;]}\">\n\t\t\t\t\t\t<div class=\"elementor-container elementor-column-gap-no\">\n\t\t\t\t\t<div class=\"elementor-column elementor-col-50 elementor-top-column elementor-element elementor-element-1d3ba21\" data-id=\"1d3ba21\" data-element_type=\"column\" data-settings=\"{&quot;background_background&quot;:&quot;classic&quot;}\">\n\t\t\t<div class=\"elementor-widget-wrap elementor-element-populated\">\n\t\t\t\t\t\t\t\t<div class=\"elementor-element elementor-element-56eaeb3 animated-slow elementor-widget elementor-widget-image\" data-id=\"56eaeb3\" data-element_type=\"widget\" data-settings=\"{&quot;_animation&quot;:&quot;none&quot;}\" data-widget_type=\"image.default\">\n\t\t\t\t<div class=\"elementor-widget-container\">\n\t\t\t\t\t<div class=\"elementor-image\">\n\t\t\t\t\t\t\t\t\t\t<img loading=\"lazy\" decoding=\"async\" width=\"550\" height=\"550\" src=\"https:\/\/www.traitorakis.travel\/wp-content\/uploads\/2021\/04\/customisedtrips-main.jpg\" class=\"attachment-full size-full\" alt=\"Balos Lagoon\" srcset=\"https:\/\/www.traitorakis.travel\/wp-content\/uploads\/2021\/04\/customisedtrips-main.jpg 550w, https:\/\/www.traitorakis.travel\/wp-content\/uploads\/2021\/04\/customisedtrips-main-300x300.jpg 300w, https:\/\/www.traitorakis.travel\/wp-content\/uploads\/2021\/04\/customisedtrips-main-150x150.jpg 150w\" sizes=\"auto, (max-width: 550px) 100vw, 550px\" \/>\t\t\t\t\t\t\t\t\t\t\t<\/div>\n\t\t\t\t<\/div>\n\t\t\t\t<\/div>\n\t\t\t\t\t<\/div>\n\t\t<\/div>\n\t\t\t\t<div class=\"elementor-column elementor-col-50 elementor-top-column elementor-element elementor-element-f003817\" data-id=\"f003817\" data-element_type=\"column\" data-settings=\"{&quot;background_background&quot;:&quot;classic&quot;}\">\n\t\t\t<div class=\"elementor-widget-wrap elementor-element-populated\">\n\t\t\t\t\t\t\t\t<section class=\"elementor-section elementor-inner-section elementor-element elementor-element-776791a elementor-section-full_width elementor-section-height-default elementor-section-height-default\" data-id=\"776791a\" data-element_type=\"section\">\n\t\t\t\t\t\t<div class=\"elementor-container elementor-column-gap-default\">\n\t\t\t\t\t<div class=\"elementor-column elementor-col-100 elementor-inner-column elementor-element elementor-element-cae97a9\" data-id=\"cae97a9\" data-element_type=\"column\">\n\t\t\t<div class=\"elementor-widget-wrap elementor-element-populated\">\n\t\t\t\t\t\t\t\t<div class=\"elementor-element elementor-element-e81468a elementor-widget elementor-widget-heading\" data-id=\"e81468a\" data-element_type=\"widget\" data-widget_type=\"heading.default\">\n\t\t\t\t<div class=\"elementor-widget-container\">\n\t\t\t<h1 class=\"elementor-heading-title elementor-size-default\">Kundenspezifische Reisen<\/h1>\t\t<\/div>\n\t\t\t\t<\/div>\n\t\t\t\t<div class=\"elementor-element elementor-element-c432a7c elementor-widget elementor-widget-heading\" data-id=\"c432a7c\" data-element_type=\"widget\" data-widget_type=\"heading.default\">\n\t\t\t\t<div class=\"elementor-widget-container\">\n\t\t\t<p class=\"elementor-heading-title elementor-size-default\">Unsere Kunden haben die M\u00f6glichkeit, nach R\u00fccksprache mit Reiseb\u00fcro Traitorakis Routen ihrer Wahl zu jedem Ziel und mit beliebig vielen Haltestellen zu erstellen.\nAufgrund unserer Zusammenarbeit mit verschiedenen Unternehmen haben wir auch die M\u00f6glichkeit, Ihre Reise mit verschiedenen Aktivit\u00e4ten (Bootsverleih, Reiten usw.) zu bereichern.\nSobald Sie uns die erforderlichen Informationen (Anzahl der Personen, Datum, gew\u00fcnschte Dauer, Abfahrtsort, Route usw.) gegeben haben, bereiten wir die geeigneten Mittel f\u00fcr die gew\u00fcnschte Reise vor.\nUnser Personal steht Ihnen f\u00fcr jede Hilfe oder Kl\u00e4rung zur Verf\u00fcgung, die Sie ben\u00f6tigen.<\/p>\t\t<\/div>\n\t\t\t\t<\/div>\n\t\t\t\t\t<\/div>\n\t\t<\/div>\n\t\t\t\t\t\t\t<\/div>\n\t\t<\/section>\n\t\t\t\t\t<\/div>\n\t\t<\/div>\n\t\t\t\t\t\t\t<\/div>\n\t\t<\/section>\n\t\t\t\t<section class=\"elementor-section elementor-top-section elementor-element elementor-element-09660d6 elementor-section-boxed elementor-section-height-default elementor-section-height-default\" data-id=\"09660d6\" data-element_type=\"section\">\n\t\t\t\t\t\t<div class=\"elementor-container elementor-column-gap-default\">\n\t\t\t\t\t<div class=\"elementor-column elementor-col-100 elementor-top-column elementor-element elementor-element-6db2fba\" data-id=\"6db2fba\" data-element_type=\"column\">\n\t\t\t<div class=\"elementor-widget-wrap elementor-element-populated\">\n\t\t\t\t\t\t\t\t<div class=\"elementor-element elementor-element-b41a8a5 elementor-button-align-center elementor-widget elementor-widget-form\" data-id=\"b41a8a5\" data-element_type=\"widget\" data-settings=\"{&quot;step_next_label&quot;:&quot;Next&quot;,&quot;step_previous_label&quot;:&quot;Previous&quot;,&quot;button_width&quot;:&quot;100&quot;,&quot;step_type&quot;:&quot;number_text&quot;,&quot;step_icon_shape&quot;:&quot;circle&quot;}\" data-widget_type=\"form.default\">\n\t\t\t\t<div class=\"elementor-widget-container\">\n\t\t\t\t\t<form class=\"elementor-form\" method=\"post\" name=\"New Form\">\n\t\t\t<input type=\"hidden\" name=\"post_id\" value=\"2187\"\/>\n\t\t\t<input type=\"hidden\" name=\"form_id\" value=\"b41a8a5\"\/>\n\t\t\t<input type=\"hidden\" name=\"referer_title\" value=\"\" \/>\n\n\t\t\t\n\t\t\t<div class=\"elementor-form-fields-wrapper elementor-labels-above\">\n\t\t\t\t\t\t\t\t<div class=\"elementor-field-type-html elementor-field-group elementor-column elementor-field-group-field_d77b0ab elementor-col-100\">\n\t\t\t\t\tF\u00fcllen Sie dieses Formular aus und wir werden uns sehr bald bei Ihnen melden\t\t\t\t<\/div>\n\t\t\t\t\t\t\t\t<div class=\"elementor-field-type-text elementor-field-group elementor-column elementor-field-group-name elementor-col-100\">\n\t\t\t\t\t<input size=\"1\" type=\"text\" name=\"form_fields[name]\" id=\"form-field-name\" class=\"elementor-field elementor-size-sm  elementor-field-textual\" placeholder=\"Vollst\u00e4ndiger Name *\">\t\t\t\t<\/div>\n\t\t\t\t\t\t\t\t<div class=\"elementor-field-type-email elementor-field-group elementor-column elementor-field-group-email elementor-col-50 elementor-field-required\">\n\t\t\t\t\t<input size=\"1\" type=\"email\" name=\"form_fields[email]\" id=\"form-field-email\" class=\"elementor-field elementor-size-sm  elementor-field-textual\" placeholder=\"Email *\" required=\"required\" aria-required=\"true\">\t\t\t\t<\/div>\n\t\t\t\t\t\t\t\t<div class=\"elementor-field-type-text elementor-field-group elementor-column elementor-field-group-field_b8c1b43 elementor-col-50 elementor-field-required\">\n\t\t\t\t\t<input size=\"1\" type=\"text\" name=\"form_fields[field_b8c1b43]\" id=\"form-field-field_b8c1b43\" class=\"elementor-field elementor-size-sm  elementor-field-textual\" placeholder=\"Telefon *\" required=\"required\" aria-required=\"true\">\t\t\t\t<\/div>\n\t\t\t\t\t\t\t\t<div class=\"elementor-field-type-text elementor-field-group elementor-column elementor-field-group-field_b2a39b2 elementor-col-50 elementor-field-required\">\n\t\t\t\t\t<input size=\"1\" type=\"text\" name=\"form_fields[field_b2a39b2]\" id=\"form-field-field_b2a39b2\" class=\"elementor-field elementor-size-sm  elementor-field-textual\" placeholder=\"Dauer *\" required=\"required\" aria-required=\"true\">\t\t\t\t<\/div>\n\t\t\t\t\t\t\t\t<div class=\"elementor-field-type-date elementor-field-group elementor-column elementor-field-group-field_66ab1ec elementor-col-50 elementor-field-required\">\n\t\t\t\t\t<input type=\"date\" name=\"form_fields[field_66ab1ec]\" id=\"form-field-field_66ab1ec\" class=\"elementor-field elementor-size-sm  elementor-field-textual elementor-date-field\" placeholder=\"Bevorzugtes Datum *\" required=\"required\" aria-required=\"true\" pattern=\"[0-9]{4}-[0-9]{2}-[0-9]{2}\">\t\t\t\t<\/div>\n\t\t\t\t\t\t\t\t<div class=\"elementor-field-type-text elementor-field-group elementor-column elementor-field-group-field_252fa01 elementor-col-100\">\n\t\t\t\t\t<input size=\"1\" type=\"text\" name=\"form_fields[field_252fa01]\" id=\"form-field-field_252fa01\" class=\"elementor-field elementor-size-sm  elementor-field-textual\" placeholder=\"Gebiet und genauer Standort\">\t\t\t\t<\/div>\n\t\t\t\t\t\t\t\t<div class=\"elementor-field-type-textarea elementor-field-group elementor-column elementor-field-group-message elementor-col-100\">\n\t\t\t\t\t<textarea class=\"elementor-field-textual elementor-field  elementor-size-sm\" name=\"form_fields[message]\" id=\"form-field-message\" rows=\"3\" placeholder=\"Bemerkungen\"><\/textarea>\t\t\t\t<\/div>\n\t\t\t\t\t\t\t\t<div class=\"elementor-field-type-html elementor-field-group elementor-column elementor-field-group-field_3bde775 elementor-col-100\">\n\t\t\t\t\tBitte \u00fcberpr\u00fcfen Sie einige Ihrer Interessen:\t\t\t\t<\/div>\n\t\t\t\t\t\t\t\t<div class=\"elementor-field-type-checkbox elementor-field-group elementor-column elementor-field-group-field_64a3c78 elementor-col-20\">\n\t\t\t\t\t<div class=\"elementor-field-subgroup  \"><span class=\"elementor-field-option\"><input type=\"checkbox\" value=\"Nature\" id=\"form-field-field_64a3c78-0\" name=\"form_fields[field_64a3c78]\"> <label for=\"form-field-field_64a3c78-0\">Nature<\/label><\/span><\/div>\t\t\t\t<\/div>\n\t\t\t\t\t\t\t\t<div class=\"elementor-field-type-checkbox elementor-field-group elementor-column elementor-field-group-field_82797a4 elementor-col-20\">\n\t\t\t\t\t<div class=\"elementor-field-subgroup  \"><span class=\"elementor-field-option\"><input type=\"checkbox\" value=\"Berge\" id=\"form-field-field_82797a4-0\" name=\"form_fields[field_82797a4]\"> <label for=\"form-field-field_82797a4-0\">Berge<\/label><\/span><\/div>\t\t\t\t<\/div>\n\t\t\t\t\t\t\t\t<div class=\"elementor-field-type-checkbox elementor-field-group elementor-column elementor-field-group-field_39fac6e elementor-col-20\">\n\t\t\t\t\t<div class=\"elementor-field-subgroup  \"><span class=\"elementor-field-option\"><input type=\"checkbox\" value=\"Meer\" id=\"form-field-field_39fac6e-0\" name=\"form_fields[field_39fac6e]\"> <label for=\"form-field-field_39fac6e-0\">Meer<\/label><\/span><\/div>\t\t\t\t<\/div>\n\t\t\t\t\t\t\t\t<div class=\"elementor-field-type-checkbox elementor-field-group elementor-column elementor-field-group-field_2aa3ccd elementor-col-20\">\n\t\t\t\t\t<div class=\"elementor-field-subgroup  \"><span class=\"elementor-field-option\"><input type=\"checkbox\" value=\"Stadt\" id=\"form-field-field_2aa3ccd-0\" name=\"form_fields[field_2aa3ccd]\"> <label for=\"form-field-field_2aa3ccd-0\">Stadt<\/label><\/span><\/div>\t\t\t\t<\/div>\n\t\t\t\t\t\t\t\t<div class=\"elementor-field-type-checkbox elementor-field-group elementor-column elementor-field-group-field_234c4b2 elementor-col-20\">\n\t\t\t\t\t<div class=\"elementor-field-subgroup  \"><span class=\"elementor-field-option\"><input type=\"checkbox\" value=\"Wein &amp; Spirituosen\" id=\"form-field-field_234c4b2-0\" name=\"form_fields[field_234c4b2]\"> <label for=\"form-field-field_234c4b2-0\">Wein & Spirituosen<\/label><\/span><\/div>\t\t\t\t<\/div>\n\t\t\t\t\t\t\t\t<div class=\"elementor-field-type-checkbox elementor-field-group elementor-column elementor-field-group-field_d5ef378 elementor-col-20\">\n\t\t\t\t\t<div class=\"elementor-field-subgroup  \"><span class=\"elementor-field-option\"><input type=\"checkbox\" value=\"Olivenfabrik\" id=\"form-field-field_d5ef378-0\" name=\"form_fields[field_d5ef378]\"> <label for=\"form-field-field_d5ef378-0\">Olivenfabrik<\/label><\/span><\/div>\t\t\t\t<\/div>\n\t\t\t\t\t\t\t\t<div class=\"elementor-field-type-checkbox elementor-field-group elementor-column elementor-field-group-field_819d893 elementor-col-20\">\n\t\t\t\t\t<div class=\"elementor-field-subgroup  \"><span class=\"elementor-field-option\"><input type=\"checkbox\" value=\"Alte Geschichte\" id=\"form-field-field_819d893-0\" name=\"form_fields[field_819d893]\"> <label for=\"form-field-field_819d893-0\">Alte Geschichte<\/label><\/span><\/div>\t\t\t\t<\/div>\n\t\t\t\t\t\t\t\t<div class=\"elementor-field-type-checkbox elementor-field-group elementor-column elementor-field-group-field_1570bba elementor-col-20\">\n\t\t\t\t\t<div class=\"elementor-field-subgroup  \"><span class=\"elementor-field-option\"><input type=\"checkbox\" value=\"Zweiter Weltkrieg\" id=\"form-field-field_1570bba-0\" name=\"form_fields[field_1570bba]\"> <label for=\"form-field-field_1570bba-0\">Zweiter Weltkrieg<\/label><\/span><\/div>\t\t\t\t<\/div>\n\t\t\t\t\t\t\t\t<div class=\"elementor-field-type-checkbox elementor-field-group elementor-column elementor-field-group-field_0d24e22 elementor-col-20\">\n\t\t\t\t\t<div class=\"elementor-field-subgroup  \"><span class=\"elementor-field-option\"><input type=\"checkbox\" value=\"Religion\" id=\"form-field-field_0d24e22-0\" name=\"form_fields[field_0d24e22]\"> <label for=\"form-field-field_0d24e22-0\">Religion<\/label><\/span><\/div>\t\t\t\t<\/div>\n\t\t\t\t\t\t\t\t<div class=\"elementor-field-type-checkbox elementor-field-group elementor-column elementor-field-group-field_c968284 elementor-col-20\">\n\t\t\t\t\t<div class=\"elementor-field-subgroup  \"><span class=\"elementor-field-option\"><input type=\"checkbox\" value=\"Outdoor-Aktivit\u00e4ten\" id=\"form-field-field_c968284-0\" name=\"form_fields[field_c968284]\"> <label for=\"form-field-field_c968284-0\">Outdoor-Aktivit\u00e4ten<\/label><\/span><\/div>\t\t\t\t<\/div>\n\t\t\t\t\t\t\t\t<div class=\"elementor-field-type-recaptcha_v3 elementor-field-group elementor-column elementor-field-group-field_8db799a elementor-col-100 recaptcha_v3-bottomright\">\n\t\t\t\t\t<div class=\"elementor-field\" id=\"form-field-field_8db799a\"><div class=\"elementor-g-recaptcha\" data-sitekey=\"6LcpQY4bAAAAAOz2BDnOjdJZnUengF0glBRjOcN1\" data-type=\"v3\" data-action=\"Form\" data-badge=\"bottomright\" data-size=\"invisible\"><\/div><\/div>\t\t\t\t<\/div>\n\t\t\t\t\t\t\t\t<div class=\"elementor-field-group elementor-column elementor-field-type-submit elementor-col-100 e-form__buttons\">\n\t\t\t\t\t<button type=\"submit\" class=\"elementor-button elementor-size-sm\">\n\t\t\t\t\t\t<span >\n\t\t\t\t\t\t\t\t\t\t\t\t\t\t\t<span class=\" elementor-button-icon\">\n\t\t\t\t\t\t\t\t\t\t\t\t\t\t\t\t\t\t\t\t\t\t\t\t\t\t<\/span>\n\t\t\t\t\t\t\t\t\t\t\t\t\t\t\t\t\t\t\t\t\t\t<span class=\"elementor-button-text\">EINREICHEN<\/span>\n\t\t\t\t\t\t\t\t\t\t\t\t\t<\/span>\n\t\t\t\t\t<\/button>\n\t\t\t\t<\/div>\n\t\t\t<\/div>\n\t\t<\/form>\n\t\t\t\t<\/div>\n\t\t\t\t<\/div>\n\t\t\t\t\t<\/div>\n\t\t<\/div>\n\t\t\t\t\t\t\t<\/div>\n\t\t<\/section>\n\t\t\t\t<section class=\"elementor-section elementor-top-section elementor-element elementor-element-505c20a elementor-section-full_width elementor-section-height-default elementor-section-height-default\" data-id=\"505c20a\" data-element_type=\"section\">\n\t\t\t\t\t\t<div class=\"elementor-container elementor-column-gap-no\">\n\t\t\t\t\t<div class=\"elementor-column elementor-col-33 elementor-top-column elementor-element elementor-element-8395ec5\" data-id=\"8395ec5\" data-element_type=\"column\">\n\t\t\t<div class=\"elementor-widget-wrap elementor-element-populated\">\n\t\t\t\t\t\t\t\t<div class=\"elementor-element elementor-element-9a92d69 elementor-widget elementor-widget-image\" data-id=\"9a92d69\" data-element_type=\"widget\" data-widget_type=\"image.default\">\n\t\t\t\t<div class=\"elementor-widget-container\">\n\t\t\t\t\t<div class=\"elementor-image\">\n\t\t\t\t\t\t\t\t\t\t\t<a href=\"https:\/\/www.traitorakis.travel\/wp-content\/uploads\/2021\/05\/customized-trips-1.jpg\" data-elementor-open-lightbox=\"yes\" data-elementor-lightbox-title=\"customized-trips-1\">\n\t\t\t\t\t\t\t<img loading=\"lazy\" decoding=\"async\" width=\"1200\" height=\"800\" src=\"https:\/\/www.traitorakis.travel\/wp-content\/uploads\/2021\/05\/customized-trips-1.jpg\" class=\"attachment-full size-full\" alt=\"Traitorakis Travel Customised Trips - Agia Galini\" srcset=\"https:\/\/www.traitorakis.travel\/wp-content\/uploads\/2021\/05\/customized-trips-1.jpg 1200w, https:\/\/www.traitorakis.travel\/wp-content\/uploads\/2021\/05\/customized-trips-1-300x200.jpg 300w, https:\/\/www.traitorakis.travel\/wp-content\/uploads\/2021\/05\/customized-trips-1-1024x683.jpg 1024w, https:\/\/www.traitorakis.travel\/wp-content\/uploads\/2021\/05\/customized-trips-1-768x512.jpg 768w\" sizes=\"auto, (max-width: 1200px) 100vw, 1200px\" \/>\t\t\t\t\t\t\t\t<\/a>\n\t\t\t\t\t\t\t\t\t\t\t<\/div>\n\t\t\t\t<\/div>\n\t\t\t\t<\/div>\n\t\t\t\t\t<\/div>\n\t\t<\/div>\n\t\t\t\t<div class=\"elementor-column elementor-col-33 elementor-top-column elementor-element elementor-element-f82a9bc\" data-id=\"f82a9bc\" data-element_type=\"column\">\n\t\t\t<div class=\"elementor-widget-wrap elementor-element-populated\">\n\t\t\t\t\t\t\t\t<div class=\"elementor-element elementor-element-9eb0bdf elementor-widget elementor-widget-image\" data-id=\"9eb0bdf\" data-element_type=\"widget\" data-widget_type=\"image.default\">\n\t\t\t\t<div class=\"elementor-widget-container\">\n\t\t\t\t\t<div class=\"elementor-image\">\n\t\t\t\t\t\t\t\t\t\t\t<a href=\"https:\/\/www.traitorakis.travel\/wp-content\/uploads\/2021\/05\/customized-trips-2.jpg\" data-elementor-open-lightbox=\"yes\" data-elementor-lightbox-title=\"customized-trips-2\">\n\t\t\t\t\t\t\t<img loading=\"lazy\" decoding=\"async\" width=\"1200\" height=\"800\" src=\"https:\/\/www.traitorakis.travel\/wp-content\/uploads\/2021\/05\/customized-trips-2.jpg\" class=\"attachment-full size-full\" alt=\"Traitorakis Travel Customised Trips\" srcset=\"https:\/\/www.traitorakis.travel\/wp-content\/uploads\/2021\/05\/customized-trips-2.jpg 1200w, https:\/\/www.traitorakis.travel\/wp-content\/uploads\/2021\/05\/customized-trips-2-300x200.jpg 300w, https:\/\/www.traitorakis.travel\/wp-content\/uploads\/2021\/05\/customized-trips-2-1024x683.jpg 1024w, https:\/\/www.traitorakis.travel\/wp-content\/uploads\/2021\/05\/customized-trips-2-768x512.jpg 768w\" sizes=\"auto, (max-width: 1200px) 100vw, 1200px\" \/>\t\t\t\t\t\t\t\t<\/a>\n\t\t\t\t\t\t\t\t\t\t\t<\/div>\n\t\t\t\t<\/div>\n\t\t\t\t<\/div>\n\t\t\t\t\t<\/div>\n\t\t<\/div>\n\t\t\t\t<div class=\"elementor-column elementor-col-33 elementor-top-column elementor-element elementor-element-3bc2fab\" data-id=\"3bc2fab\" data-element_type=\"column\">\n\t\t\t<div class=\"elementor-widget-wrap elementor-element-populated\">\n\t\t\t\t\t\t\t\t<div class=\"elementor-element elementor-element-4f7d99d elementor-widget elementor-widget-image\" data-id=\"4f7d99d\" data-element_type=\"widget\" data-widget_type=\"image.default\">\n\t\t\t\t<div class=\"elementor-widget-container\">\n\t\t\t\t\t<div class=\"elementor-image\">\n\t\t\t\t\t\t\t\t\t\t\t<a href=\"https:\/\/www.traitorakis.travel\/wp-content\/uploads\/2021\/05\/customized-trips-3.jpg\" data-elementor-open-lightbox=\"yes\" data-elementor-lightbox-title=\"customized-trips-3\">\n\t\t\t\t\t\t\t<img loading=\"lazy\" decoding=\"async\" width=\"1200\" height=\"800\" src=\"https:\/\/www.traitorakis.travel\/wp-content\/uploads\/2021\/05\/customized-trips-3.jpg\" class=\"attachment-full size-full\" alt=\"Traitorakis Travel Customised TRips\" srcset=\"https:\/\/www.traitorakis.travel\/wp-content\/uploads\/2021\/05\/customized-trips-3.jpg 1200w, https:\/\/www.traitorakis.travel\/wp-content\/uploads\/2021\/05\/customized-trips-3-300x200.jpg 300w, https:\/\/www.traitorakis.travel\/wp-content\/uploads\/2021\/05\/customized-trips-3-1024x683.jpg 1024w, https:\/\/www.traitorakis.travel\/wp-content\/uploads\/2021\/05\/customized-trips-3-768x512.jpg 768w\" sizes=\"auto, (max-width: 1200px) 100vw, 1200px\" \/>\t\t\t\t\t\t\t\t<\/a>\n\t\t\t\t\t\t\t\t\t\t\t<\/div>\n\t\t\t\t<\/div>\n\t\t\t\t<\/div>\n\t\t\t\t\t<\/div>\n\t\t<\/div>\n\t\t\t\t\t\t\t<\/div>\n\t\t<\/section>\n\t\t\t\t\t\t<\/div>\n\t\t\t\t\t<\/div>\n\t\t","protected":false},"excerpt":{"rendered":"<p>Kundenspezifische Reisen Unsere Kunden haben die M\u00f6glichkeit, nach R\u00fccksprache mit Reiseb\u00fcro Traitorakis Routen ihrer Wahl zu jedem Ziel und mit beliebig vielen Haltestellen zu erstellen. Aufgrund unserer Zusammenarbeit mit verschiedenen Unternehmen haben wir auch die M\u00f6glichkeit, Ihre Reise mit verschiedenen Aktivit\u00e4ten (Bootsverleih, Reiten usw.) zu bereichern. Sobald Sie uns die erforderlichen Informationen (Anzahl der Personen, [&hellip;]<\/p>\n","protected":false},"author":1,"featured_media":0,"parent":0,"menu_order":0,"comment_status":"closed","ping_status":"closed","template":"elementor_header_footer","meta":{"footnotes":""},"class_list":["post-2187","page","type-page","status-publish","hentry"],"_links":{"self":[{"href":"https:\/\/www.traitorakis.travel\/de\/wp-json\/wp\/v2\/pages\/2187","targetHints":{"allow":["GET"]}}],"collection":[{"href":"https:\/\/www.traitorakis.travel\/de\/wp-json\/wp\/v2\/pages"}],"about":[{"href":"https:\/\/www.traitorakis.travel\/de\/wp-json\/wp\/v2\/types\/page"}],"author":[{"embeddable":true,"href":"https:\/\/www.traitorakis.travel\/de\/wp-json\/wp\/v2\/users\/1"}],"replies":[{"embeddable":true,"href":"https:\/\/www.traitorakis.travel\/de\/wp-json\/wp\/v2\/comments?post=2187"}],"version-history":[{"count":16,"href":"https:\/\/www.traitorakis.travel\/de\/wp-json\/wp\/v2\/pages\/2187\/revisions"}],"predecessor-version":[{"id":2416,"href":"https:\/\/www.traitorakis.travel\/de\/wp-json\/wp\/v2\/pages\/2187\/revisions\/2416"}],"wp:attachment":[{"href":"https:\/\/www.traitorakis.travel\/de\/wp-json\/wp\/v2\/media?parent=2187"}],"curies":[{"name":"wp","href":"https:\/\/api.w.org\/{rel}","templated":true}]}}