{"id":2182,"date":"2021-04-13T11:11:02","date_gmt":"2021-04-13T08:11:02","guid":{"rendered":"https:\/\/www.traitorakis.travel\/mini-bus-van-services\/"},"modified":"2021-06-10T11:34:23","modified_gmt":"2021-06-10T08:34:23","slug":"mini-bus-van-services","status":"publish","type":"page","link":"https:\/\/www.traitorakis.travel\/de\/mini-bus-van-services\/","title":{"rendered":"Minibus-und Van-Dienste"},"content":{"rendered":"\t\t<div data-elementor-type=\"wp-page\" data-elementor-id=\"2182\" class=\"elementor elementor-2182 elementor-615\" data-elementor-settings=\"[]\">\n\t\t\t\t\t\t\t<div class=\"elementor-section-wrap\">\n\t\t\t\t\t\t\t<section class=\"elementor-section elementor-top-section elementor-element elementor-element-56edb36 elementor-section-full_width elementor-section-height-min-height elementor-section-items-stretch elementor-section-content-middle elementor-section-height-default\" data-id=\"56edb36\" data-element_type=\"section\" data-settings=\"{&quot;motion_fx_motion_fx_scrolling&quot;:&quot;yes&quot;,&quot;motion_fx_devices&quot;:[&quot;desktop&quot;,&quot;tablet&quot;,&quot;mobile&quot;]}\">\n\t\t\t\t\t\t<div class=\"elementor-container elementor-column-gap-no\">\n\t\t\t\t\t<div class=\"elementor-column elementor-col-50 elementor-top-column elementor-element elementor-element-47d1cfc\" data-id=\"47d1cfc\" data-element_type=\"column\" data-settings=\"{&quot;background_background&quot;:&quot;classic&quot;}\">\n\t\t\t<div class=\"elementor-widget-wrap elementor-element-populated\">\n\t\t\t\t\t\t\t\t<div class=\"elementor-element elementor-element-8634432 animated-slow elementor-widget elementor-widget-image\" data-id=\"8634432\" data-element_type=\"widget\" data-settings=\"{&quot;_animation&quot;:&quot;none&quot;}\" data-widget_type=\"image.default\">\n\t\t\t\t<div class=\"elementor-widget-container\">\n\t\t\t\t\t<div class=\"elementor-image\">\n\t\t\t\t\t\t\t\t\t\t<img loading=\"lazy\" decoding=\"async\" width=\"550\" height=\"550\" src=\"https:\/\/www.traitorakis.travel\/wp-content\/uploads\/2021\/05\/minivan-main.jpg\" class=\"attachment-full size-full\" alt=\"Traitorakis Travel Minivan Services\" srcset=\"https:\/\/www.traitorakis.travel\/wp-content\/uploads\/2021\/05\/minivan-main.jpg 550w, https:\/\/www.traitorakis.travel\/wp-content\/uploads\/2021\/05\/minivan-main-300x300.jpg 300w, https:\/\/www.traitorakis.travel\/wp-content\/uploads\/2021\/05\/minivan-main-150x150.jpg 150w\" sizes=\"auto, (max-width: 550px) 100vw, 550px\" \/>\t\t\t\t\t\t\t\t\t\t\t<\/div>\n\t\t\t\t<\/div>\n\t\t\t\t<\/div>\n\t\t\t\t\t<\/div>\n\t\t<\/div>\n\t\t\t\t<div class=\"elementor-column elementor-col-50 elementor-top-column elementor-element elementor-element-d16aa62\" data-id=\"d16aa62\" data-element_type=\"column\" data-settings=\"{&quot;background_background&quot;:&quot;classic&quot;}\">\n\t\t\t<div class=\"elementor-widget-wrap elementor-element-populated\">\n\t\t\t\t\t\t\t\t<section class=\"elementor-section elementor-inner-section elementor-element elementor-element-76bc424 elementor-section-full_width elementor-section-height-default elementor-section-height-default\" data-id=\"76bc424\" data-element_type=\"section\">\n\t\t\t\t\t\t<div class=\"elementor-container elementor-column-gap-default\">\n\t\t\t\t\t<div class=\"elementor-column elementor-col-100 elementor-inner-column elementor-element elementor-element-abc35c1\" data-id=\"abc35c1\" data-element_type=\"column\">\n\t\t\t<div class=\"elementor-widget-wrap elementor-element-populated\">\n\t\t\t\t\t\t\t\t<div class=\"elementor-element elementor-element-02984fb elementor-widget elementor-widget-heading\" data-id=\"02984fb\" data-element_type=\"widget\" data-widget_type=\"heading.default\">\n\t\t\t\t<div class=\"elementor-widget-container\">\n\t\t\t<h1 class=\"elementor-heading-title elementor-size-default\">Minibus-und Van-Dienste<\/h1>\t\t<\/div>\n\t\t\t\t<\/div>\n\t\t\t\t<div class=\"elementor-element elementor-element-f56618b elementor-widget elementor-widget-heading\" data-id=\"f56618b\" data-element_type=\"widget\" data-widget_type=\"heading.default\">\n\t\t\t\t<div class=\"elementor-widget-container\">\n\t\t\t<p class=\"elementor-heading-title elementor-size-default\">Bei Reiseb\u00fcro Traitorakis \u00fcbernehmen wir den Transport in kleinen und gro\u00dfen Gruppen. Wir haben Minivans, die ideal f\u00fcr diejenigen sind, die lieber in privaten Gruppen reisen, sowie Minibusse und Busse f\u00fcr mehr Passagiere.\nDer Service mit Minivans bedient bis zu 8 Personen, der Service mit Minibussen bis zu 11 Personen und der Busservice mit bis zu 50 Personen und mehr. Der Transfer wird von professionellen Fahrern durchgef\u00fchrt, w\u00e4hrend unsere Fahrzeuge die Anforderungen f\u00fcr eine sichere, angenehme und entspannende Route erf\u00fcllen, unabh\u00e4ngig von der Dauer und Entfernung der Reise.\n<\/p>\t\t<\/div>\n\t\t\t\t<\/div>\n\t\t\t\t\t<\/div>\n\t\t<\/div>\n\t\t\t\t\t\t\t<\/div>\n\t\t<\/section>\n\t\t\t\t\t<\/div>\n\t\t<\/div>\n\t\t\t\t\t\t\t<\/div>\n\t\t<\/section>\n\t\t\t\t<section class=\"elementor-section elementor-top-section elementor-element elementor-element-d7ac964 elementor-section-full_width elementor-section-height-default elementor-section-height-default\" data-id=\"d7ac964\" data-element_type=\"section\">\n\t\t\t\t\t\t<div class=\"elementor-container elementor-column-gap-no\">\n\t\t\t\t\t<div class=\"elementor-column elementor-col-33 elementor-top-column elementor-element elementor-element-b9b7280\" data-id=\"b9b7280\" data-element_type=\"column\">\n\t\t\t<div class=\"elementor-widget-wrap elementor-element-populated\">\n\t\t\t\t\t\t\t\t<div class=\"elementor-element elementor-element-aac1f58 elementor-widget elementor-widget-image\" data-id=\"aac1f58\" data-element_type=\"widget\" data-widget_type=\"image.default\">\n\t\t\t\t<div class=\"elementor-widget-container\">\n\t\t\t\t\t<div class=\"elementor-image\">\n\t\t\t\t\t\t\t\t\t\t\t<a href=\"https:\/\/www.traitorakis.travel\/wp-content\/uploads\/2021\/05\/minivan-1.jpg\" data-elementor-open-lightbox=\"yes\" data-elementor-lightbox-title=\"minivan (1)\">\n\t\t\t\t\t\t\t<img loading=\"lazy\" decoding=\"async\" width=\"1200\" height=\"900\" src=\"https:\/\/www.traitorakis.travel\/wp-content\/uploads\/2021\/05\/minivan-1.jpg\" class=\"attachment-full size-full\" alt=\"Traitorakis Travel Minivan Services\" srcset=\"https:\/\/www.traitorakis.travel\/wp-content\/uploads\/2021\/05\/minivan-1.jpg 1200w, https:\/\/www.traitorakis.travel\/wp-content\/uploads\/2021\/05\/minivan-1-300x225.jpg 300w, https:\/\/www.traitorakis.travel\/wp-content\/uploads\/2021\/05\/minivan-1-1024x768.jpg 1024w, https:\/\/www.traitorakis.travel\/wp-content\/uploads\/2021\/05\/minivan-1-768x576.jpg 768w\" sizes=\"auto, (max-width: 1200px) 100vw, 1200px\" \/>\t\t\t\t\t\t\t\t<\/a>\n\t\t\t\t\t\t\t\t\t\t\t<\/div>\n\t\t\t\t<\/div>\n\t\t\t\t<\/div>\n\t\t\t\t\t<\/div>\n\t\t<\/div>\n\t\t\t\t<div class=\"elementor-column elementor-col-33 elementor-top-column elementor-element elementor-element-8b17cf3\" data-id=\"8b17cf3\" data-element_type=\"column\">\n\t\t\t<div class=\"elementor-widget-wrap elementor-element-populated\">\n\t\t\t\t\t\t\t\t<div class=\"elementor-element elementor-element-3511222 elementor-widget elementor-widget-image\" data-id=\"3511222\" data-element_type=\"widget\" data-widget_type=\"image.default\">\n\t\t\t\t<div class=\"elementor-widget-container\">\n\t\t\t\t\t<div class=\"elementor-image\">\n\t\t\t\t\t\t\t\t\t\t\t<a href=\"https:\/\/www.traitorakis.travel\/wp-content\/uploads\/2021\/05\/minivan-12.jpg\" data-elementor-open-lightbox=\"yes\" data-elementor-lightbox-title=\"minivan (12)\">\n\t\t\t\t\t\t\t<img loading=\"lazy\" decoding=\"async\" width=\"1200\" height=\"900\" src=\"https:\/\/www.traitorakis.travel\/wp-content\/uploads\/2021\/05\/minivan-12.jpg\" class=\"attachment-full size-full\" alt=\"Traitorakis Travel Minivan Services\" srcset=\"https:\/\/www.traitorakis.travel\/wp-content\/uploads\/2021\/05\/minivan-12.jpg 1200w, https:\/\/www.traitorakis.travel\/wp-content\/uploads\/2021\/05\/minivan-12-300x225.jpg 300w, https:\/\/www.traitorakis.travel\/wp-content\/uploads\/2021\/05\/minivan-12-1024x768.jpg 1024w, https:\/\/www.traitorakis.travel\/wp-content\/uploads\/2021\/05\/minivan-12-768x576.jpg 768w\" sizes=\"auto, (max-width: 1200px) 100vw, 1200px\" \/>\t\t\t\t\t\t\t\t<\/a>\n\t\t\t\t\t\t\t\t\t\t\t<\/div>\n\t\t\t\t<\/div>\n\t\t\t\t<\/div>\n\t\t\t\t\t<\/div>\n\t\t<\/div>\n\t\t\t\t<div class=\"elementor-column elementor-col-33 elementor-top-column elementor-element elementor-element-b808105\" data-id=\"b808105\" data-element_type=\"column\">\n\t\t\t<div class=\"elementor-widget-wrap elementor-element-populated\">\n\t\t\t\t\t\t\t\t<div class=\"elementor-element elementor-element-3c481d6 elementor-widget elementor-widget-image\" data-id=\"3c481d6\" data-element_type=\"widget\" data-widget_type=\"image.default\">\n\t\t\t\t<div class=\"elementor-widget-container\">\n\t\t\t\t\t<div class=\"elementor-image\">\n\t\t\t\t\t\t\t\t\t\t\t<a href=\"https:\/\/www.traitorakis.travel\/wp-content\/uploads\/2021\/05\/minivan-4.jpg\" data-elementor-open-lightbox=\"yes\" data-elementor-lightbox-title=\"minivan (4)\">\n\t\t\t\t\t\t\t<img loading=\"lazy\" decoding=\"async\" width=\"900\" height=\"1200\" src=\"https:\/\/www.traitorakis.travel\/wp-content\/uploads\/2021\/05\/minivan-4.jpg\" class=\"attachment-full size-full\" alt=\"Traitorakis Travel Minivan Services\" srcset=\"https:\/\/www.traitorakis.travel\/wp-content\/uploads\/2021\/05\/minivan-4.jpg 900w, https:\/\/www.traitorakis.travel\/wp-content\/uploads\/2021\/05\/minivan-4-225x300.jpg 225w, https:\/\/www.traitorakis.travel\/wp-content\/uploads\/2021\/05\/minivan-4-768x1024.jpg 768w\" sizes=\"auto, (max-width: 900px) 100vw, 900px\" \/>\t\t\t\t\t\t\t\t<\/a>\n\t\t\t\t\t\t\t\t\t\t\t<\/div>\n\t\t\t\t<\/div>\n\t\t\t\t<\/div>\n\t\t\t\t\t<\/div>\n\t\t<\/div>\n\t\t\t\t\t\t\t<\/div>\n\t\t<\/section>\n\t\t\t\t\t\t<\/div>\n\t\t\t\t\t<\/div>\n\t\t","protected":false},"excerpt":{"rendered":"<p>Minibus-und Van-Dienste Bei Reiseb\u00fcro Traitorakis \u00fcbernehmen wir den Transport in kleinen und gro\u00dfen Gruppen. Wir haben Minivans, die ideal f\u00fcr diejenigen sind, die lieber in privaten Gruppen reisen, sowie Minibusse und Busse f\u00fcr mehr Passagiere. Der Service mit Minivans bedient bis zu 8 Personen, der Service mit Minibussen bis zu 11 Personen und der Busservice [&hellip;]<\/p>\n","protected":false},"author":1,"featured_media":0,"parent":0,"menu_order":0,"comment_status":"closed","ping_status":"closed","template":"elementor_header_footer","meta":{"footnotes":""},"class_list":["post-2182","page","type-page","status-publish","hentry"],"_links":{"self":[{"href":"https:\/\/www.traitorakis.travel\/de\/wp-json\/wp\/v2\/pages\/2182","targetHints":{"allow":["GET"]}}],"collection":[{"href":"https:\/\/www.traitorakis.travel\/de\/wp-json\/wp\/v2\/pages"}],"about":[{"href":"https:\/\/www.traitorakis.travel\/de\/wp-json\/wp\/v2\/types\/page"}],"author":[{"embeddable":true,"href":"https:\/\/www.traitorakis.travel\/de\/wp-json\/wp\/v2\/users\/1"}],"replies":[{"embeddable":true,"href":"https:\/\/www.traitorakis.travel\/de\/wp-json\/wp\/v2\/comments?post=2182"}],"version-history":[{"count":4,"href":"https:\/\/www.traitorakis.travel\/de\/wp-json\/wp\/v2\/pages\/2182\/revisions"}],"predecessor-version":[{"id":2186,"href":"https:\/\/www.traitorakis.travel\/de\/wp-json\/wp\/v2\/pages\/2182\/revisions\/2186"}],"wp:attachment":[{"href":"https:\/\/www.traitorakis.travel\/de\/wp-json\/wp\/v2\/media?parent=2182"}],"curies":[{"name":"wp","href":"https:\/\/api.w.org\/{rel}","templated":true}]}}