{"id":2177,"date":"2021-04-13T10:54:24","date_gmt":"2021-04-13T07:54:24","guid":{"rendered":"https:\/\/www.traitorakis.travel\/taxi-fleet\/"},"modified":"2021-06-10T11:32:35","modified_gmt":"2021-06-10T08:32:35","slug":"taxi-fleet","status":"publish","type":"page","link":"https:\/\/www.traitorakis.travel\/de\/taxi-fleet\/","title":{"rendered":"Taxiflotte"},"content":{"rendered":"\t\t<div data-elementor-type=\"wp-page\" data-elementor-id=\"2177\" class=\"elementor elementor-2177 elementor-565\" data-elementor-settings=\"[]\">\n\t\t\t\t\t\t\t<div class=\"elementor-section-wrap\">\n\t\t\t\t\t\t\t<section class=\"elementor-section elementor-top-section elementor-element elementor-element-d0c65a3 elementor-section-full_width elementor-section-height-min-height elementor-section-items-stretch elementor-section-content-middle elementor-section-height-default\" data-id=\"d0c65a3\" data-element_type=\"section\" data-settings=\"{&quot;motion_fx_motion_fx_scrolling&quot;:&quot;yes&quot;,&quot;motion_fx_devices&quot;:[&quot;desktop&quot;,&quot;tablet&quot;,&quot;mobile&quot;]}\">\n\t\t\t\t\t\t<div class=\"elementor-container elementor-column-gap-no\">\n\t\t\t\t\t<div class=\"elementor-column elementor-col-50 elementor-top-column elementor-element elementor-element-cba9e9c\" data-id=\"cba9e9c\" data-element_type=\"column\" data-settings=\"{&quot;background_background&quot;:&quot;classic&quot;}\">\n\t\t\t<div class=\"elementor-widget-wrap elementor-element-populated\">\n\t\t\t\t\t\t\t\t<div class=\"elementor-element elementor-element-d86c478 animated-slow elementor-widget elementor-widget-image\" data-id=\"d86c478\" data-element_type=\"widget\" data-settings=\"{&quot;_animation&quot;:&quot;none&quot;}\" data-widget_type=\"image.default\">\n\t\t\t\t<div class=\"elementor-widget-container\">\n\t\t\t\t\t<div class=\"elementor-image\">\n\t\t\t\t\t\t\t\t\t\t<img loading=\"lazy\" decoding=\"async\" width=\"1200\" height=\"1200\" src=\"https:\/\/www.traitorakis.travel\/wp-content\/uploads\/2021\/04\/taxi-fleet-main.jpg\" class=\"attachment-full size-full\" alt=\"Traitorakis Travel Taxi Fleet\" srcset=\"https:\/\/www.traitorakis.travel\/wp-content\/uploads\/2021\/04\/taxi-fleet-main.jpg 1200w, https:\/\/www.traitorakis.travel\/wp-content\/uploads\/2021\/04\/taxi-fleet-main-300x300.jpg 300w, https:\/\/www.traitorakis.travel\/wp-content\/uploads\/2021\/04\/taxi-fleet-main-1024x1024.jpg 1024w, https:\/\/www.traitorakis.travel\/wp-content\/uploads\/2021\/04\/taxi-fleet-main-150x150.jpg 150w, https:\/\/www.traitorakis.travel\/wp-content\/uploads\/2021\/04\/taxi-fleet-main-768x768.jpg 768w\" sizes=\"auto, (max-width: 1200px) 100vw, 1200px\" \/>\t\t\t\t\t\t\t\t\t\t\t<\/div>\n\t\t\t\t<\/div>\n\t\t\t\t<\/div>\n\t\t\t\t\t<\/div>\n\t\t<\/div>\n\t\t\t\t<div class=\"elementor-column elementor-col-50 elementor-top-column elementor-element elementor-element-8a07e73\" data-id=\"8a07e73\" data-element_type=\"column\" data-settings=\"{&quot;background_background&quot;:&quot;classic&quot;}\">\n\t\t\t<div class=\"elementor-widget-wrap elementor-element-populated\">\n\t\t\t\t\t\t\t\t<section class=\"elementor-section elementor-inner-section elementor-element elementor-element-079b24a elementor-section-full_width elementor-section-height-default elementor-section-height-default\" data-id=\"079b24a\" data-element_type=\"section\">\n\t\t\t\t\t\t<div class=\"elementor-container elementor-column-gap-default\">\n\t\t\t\t\t<div class=\"elementor-column elementor-col-100 elementor-inner-column elementor-element elementor-element-4053d99\" data-id=\"4053d99\" data-element_type=\"column\">\n\t\t\t<div class=\"elementor-widget-wrap elementor-element-populated\">\n\t\t\t\t\t\t\t\t<div class=\"elementor-element elementor-element-de41e53 elementor-widget elementor-widget-heading\" data-id=\"de41e53\" data-element_type=\"widget\" data-widget_type=\"heading.default\">\n\t\t\t\t<div class=\"elementor-widget-container\">\n\t\t\t<h1 class=\"elementor-heading-title elementor-size-default\">Taxiflotte<\/h1>\t\t<\/div>\n\t\t\t\t<\/div>\n\t\t\t\t<div class=\"elementor-element elementor-element-5f3acd8 elementor-widget elementor-widget-heading\" data-id=\"5f3acd8\" data-element_type=\"widget\" data-widget_type=\"heading.default\">\n\t\t\t\t<div class=\"elementor-widget-container\">\n\t\t\t<p class=\"elementor-heading-title elementor-size-default\"><p class=\"whattxt\">Beim Reiseb\u00fcro Traitorakis k\u00fcmmern wir uns um den Komfort und die Sicherheit unserer Kunden. Wir investieren st\u00e4ndig in eine Flotte moderner Luxusfahrzeuge (Mercedes E-Klasse), die perfekt gewartet und sauber bleiben, und zwar f\u00fcr private VIP-Transportdienste, die Ihre Reise zu einem angenehmen Erlebnis machen.<\/p>\nUnsere Fahrzeuge haben:\n<ul class=\"placeslinks\">\n<li>Klimaanlage<\/li>\n<li>Lederlounge und verstellbare Sitze<\/li>\n<li>Kindersitze<\/li>\n<li>Sicherheitsgurte<\/li>\n<li>Navigationssystem<\/li>\n<\/ul><\/p>\t\t<\/div>\n\t\t\t\t<\/div>\n\t\t\t\t\t<\/div>\n\t\t<\/div>\n\t\t\t\t\t\t\t<\/div>\n\t\t<\/section>\n\t\t\t\t\t<\/div>\n\t\t<\/div>\n\t\t\t\t\t\t\t<\/div>\n\t\t<\/section>\n\t\t\t\t<section class=\"elementor-section elementor-top-section elementor-element elementor-element-a1394b0 elementor-section-full_width elementor-section-height-default elementor-section-height-default\" data-id=\"a1394b0\" data-element_type=\"section\">\n\t\t\t\t\t\t<div class=\"elementor-container elementor-column-gap-no\">\n\t\t\t\t\t<div class=\"elementor-column elementor-col-33 elementor-top-column elementor-element elementor-element-f6150c5\" data-id=\"f6150c5\" data-element_type=\"column\">\n\t\t\t<div class=\"elementor-widget-wrap elementor-element-populated\">\n\t\t\t\t\t\t\t\t<div class=\"elementor-element elementor-element-a4b2ea3 elementor-widget elementor-widget-image\" data-id=\"a4b2ea3\" data-element_type=\"widget\" data-widget_type=\"image.default\">\n\t\t\t\t<div class=\"elementor-widget-container\">\n\t\t\t\t\t<div class=\"elementor-image\">\n\t\t\t\t\t\t\t\t\t\t\t<a href=\"https:\/\/www.traitorakis.travel\/wp-content\/uploads\/2021\/04\/taxi-fleet-2-1.jpg\" data-elementor-open-lightbox=\"yes\">\n\t\t\t\t\t\t\t<img loading=\"lazy\" decoding=\"async\" width=\"1200\" height=\"802\" src=\"https:\/\/www.traitorakis.travel\/wp-content\/uploads\/2021\/04\/taxi-fleet-2-1.jpg\" class=\"attachment-full size-full\" alt=\"Traitorakis Travel Taxi Fleet\" srcset=\"https:\/\/www.traitorakis.travel\/wp-content\/uploads\/2021\/04\/taxi-fleet-2-1.jpg 1200w, https:\/\/www.traitorakis.travel\/wp-content\/uploads\/2021\/04\/taxi-fleet-2-1-300x201.jpg 300w, https:\/\/www.traitorakis.travel\/wp-content\/uploads\/2021\/04\/taxi-fleet-2-1-1024x684.jpg 1024w, https:\/\/www.traitorakis.travel\/wp-content\/uploads\/2021\/04\/taxi-fleet-2-1-768x513.jpg 768w\" sizes=\"auto, (max-width: 1200px) 100vw, 1200px\" \/>\t\t\t\t\t\t\t\t<\/a>\n\t\t\t\t\t\t\t\t\t\t\t<\/div>\n\t\t\t\t<\/div>\n\t\t\t\t<\/div>\n\t\t\t\t\t<\/div>\n\t\t<\/div>\n\t\t\t\t<div class=\"elementor-column elementor-col-33 elementor-top-column elementor-element elementor-element-19ba5c9\" data-id=\"19ba5c9\" data-element_type=\"column\">\n\t\t\t<div class=\"elementor-widget-wrap elementor-element-populated\">\n\t\t\t\t\t\t\t\t<div class=\"elementor-element elementor-element-860585e elementor-widget elementor-widget-image\" data-id=\"860585e\" data-element_type=\"widget\" data-widget_type=\"image.default\">\n\t\t\t\t<div class=\"elementor-widget-container\">\n\t\t\t\t\t<div class=\"elementor-image\">\n\t\t\t\t\t\t\t\t\t\t\t<a href=\"https:\/\/www.traitorakis.travel\/wp-content\/uploads\/2021\/04\/taxi-fleet-2.jpg\" data-elementor-open-lightbox=\"yes\">\n\t\t\t\t\t\t\t<img loading=\"lazy\" decoding=\"async\" width=\"1200\" height=\"800\" src=\"https:\/\/www.traitorakis.travel\/wp-content\/uploads\/2021\/04\/taxi-fleet-2.jpg\" class=\"attachment-full size-full\" alt=\"Traitorakis Travel Taxi Fleet\" srcset=\"https:\/\/www.traitorakis.travel\/wp-content\/uploads\/2021\/04\/taxi-fleet-2.jpg 1200w, https:\/\/www.traitorakis.travel\/wp-content\/uploads\/2021\/04\/taxi-fleet-2-300x200.jpg 300w, https:\/\/www.traitorakis.travel\/wp-content\/uploads\/2021\/04\/taxi-fleet-2-1024x683.jpg 1024w, https:\/\/www.traitorakis.travel\/wp-content\/uploads\/2021\/04\/taxi-fleet-2-768x512.jpg 768w\" sizes=\"auto, (max-width: 1200px) 100vw, 1200px\" \/>\t\t\t\t\t\t\t\t<\/a>\n\t\t\t\t\t\t\t\t\t\t\t<\/div>\n\t\t\t\t<\/div>\n\t\t\t\t<\/div>\n\t\t\t\t\t<\/div>\n\t\t<\/div>\n\t\t\t\t<div class=\"elementor-column elementor-col-33 elementor-top-column elementor-element elementor-element-d38ca6d\" data-id=\"d38ca6d\" data-element_type=\"column\">\n\t\t\t<div class=\"elementor-widget-wrap elementor-element-populated\">\n\t\t\t\t\t\t\t\t<div class=\"elementor-element elementor-element-a26c11e elementor-widget elementor-widget-image\" data-id=\"a26c11e\" data-element_type=\"widget\" data-widget_type=\"image.default\">\n\t\t\t\t<div class=\"elementor-widget-container\">\n\t\t\t\t\t<div class=\"elementor-image\">\n\t\t\t\t\t\t\t\t\t\t\t<a href=\"https:\/\/www.traitorakis.travel\/wp-content\/uploads\/2021\/04\/taxi-fleet-3-1.jpg\" data-elementor-open-lightbox=\"yes\">\n\t\t\t\t\t\t\t<img loading=\"lazy\" decoding=\"async\" width=\"1200\" height=\"802\" src=\"https:\/\/www.traitorakis.travel\/wp-content\/uploads\/2021\/04\/taxi-fleet-3-1.jpg\" class=\"attachment-full size-full\" alt=\"Traitorakis Travel Taxi Fleet\" srcset=\"https:\/\/www.traitorakis.travel\/wp-content\/uploads\/2021\/04\/taxi-fleet-3-1.jpg 1200w, https:\/\/www.traitorakis.travel\/wp-content\/uploads\/2021\/04\/taxi-fleet-3-1-300x201.jpg 300w, https:\/\/www.traitorakis.travel\/wp-content\/uploads\/2021\/04\/taxi-fleet-3-1-1024x684.jpg 1024w, https:\/\/www.traitorakis.travel\/wp-content\/uploads\/2021\/04\/taxi-fleet-3-1-768x513.jpg 768w\" sizes=\"auto, (max-width: 1200px) 100vw, 1200px\" \/>\t\t\t\t\t\t\t\t<\/a>\n\t\t\t\t\t\t\t\t\t\t\t<\/div>\n\t\t\t\t<\/div>\n\t\t\t\t<\/div>\n\t\t\t\t\t<\/div>\n\t\t<\/div>\n\t\t\t\t\t\t\t<\/div>\n\t\t<\/section>\n\t\t\t\t\t\t<\/div>\n\t\t\t\t\t<\/div>\n\t\t","protected":false},"excerpt":{"rendered":"<p>Taxiflotte Beim Reiseb\u00fcro Traitorakis k\u00fcmmern wir uns um den Komfort und die Sicherheit unserer Kunden. Wir investieren st\u00e4ndig in eine Flotte moderner Luxusfahrzeuge (Mercedes E-Klasse), die perfekt gewartet und sauber bleiben, und zwar f\u00fcr private VIP-Transportdienste, die Ihre Reise zu einem angenehmen Erlebnis machen. Unsere Fahrzeuge haben: Klimaanlage Lederlounge und verstellbare Sitze Kindersitze Sicherheitsgurte Navigationssystem<\/p>\n","protected":false},"author":1,"featured_media":0,"parent":0,"menu_order":0,"comment_status":"closed","ping_status":"closed","template":"elementor_header_footer","meta":{"footnotes":""},"class_list":["post-2177","page","type-page","status-publish","hentry"],"_links":{"self":[{"href":"https:\/\/www.traitorakis.travel\/de\/wp-json\/wp\/v2\/pages\/2177","targetHints":{"allow":["GET"]}}],"collection":[{"href":"https:\/\/www.traitorakis.travel\/de\/wp-json\/wp\/v2\/pages"}],"about":[{"href":"https:\/\/www.traitorakis.travel\/de\/wp-json\/wp\/v2\/types\/page"}],"author":[{"embeddable":true,"href":"https:\/\/www.traitorakis.travel\/de\/wp-json\/wp\/v2\/users\/1"}],"replies":[{"embeddable":true,"href":"https:\/\/www.traitorakis.travel\/de\/wp-json\/wp\/v2\/comments?post=2177"}],"version-history":[{"count":4,"href":"https:\/\/www.traitorakis.travel\/de\/wp-json\/wp\/v2\/pages\/2177\/revisions"}],"predecessor-version":[{"id":2181,"href":"https:\/\/www.traitorakis.travel\/de\/wp-json\/wp\/v2\/pages\/2177\/revisions\/2181"}],"wp:attachment":[{"href":"https:\/\/www.traitorakis.travel\/de\/wp-json\/wp\/v2\/media?parent=2177"}],"curies":[{"name":"wp","href":"https:\/\/api.w.org\/{rel}","templated":true}]}}