{"id":2172,"date":"2021-04-12T20:26:40","date_gmt":"2021-04-12T17:26:40","guid":{"rendered":"https:\/\/www.traitorakis.travel\/excursions\/"},"modified":"2021-06-10T11:30:09","modified_gmt":"2021-06-10T08:30:09","slug":"excursions","status":"publish","type":"page","link":"https:\/\/www.traitorakis.travel\/de\/excursions\/","title":{"rendered":"Ausfl\u00fcge"},"content":{"rendered":"\t\t<div data-elementor-type=\"wp-page\" data-elementor-id=\"2172\" class=\"elementor elementor-2172 elementor-476\" data-elementor-settings=\"[]\">\n\t\t\t\t\t\t\t<div class=\"elementor-section-wrap\">\n\t\t\t\t\t\t\t<section class=\"elementor-section elementor-top-section elementor-element elementor-element-5f0bc87 elementor-section-full_width elementor-section-height-min-height elementor-section-items-stretch elementor-section-content-middle elementor-section-height-default\" data-id=\"5f0bc87\" data-element_type=\"section\" data-settings=\"{&quot;motion_fx_motion_fx_scrolling&quot;:&quot;yes&quot;,&quot;motion_fx_devices&quot;:[&quot;desktop&quot;,&quot;tablet&quot;,&quot;mobile&quot;]}\">\n\t\t\t\t\t\t<div class=\"elementor-container elementor-column-gap-no\">\n\t\t\t\t\t<div class=\"elementor-column elementor-col-50 elementor-top-column elementor-element elementor-element-2f6789d\" data-id=\"2f6789d\" data-element_type=\"column\" data-settings=\"{&quot;background_background&quot;:&quot;classic&quot;}\">\n\t\t\t<div class=\"elementor-widget-wrap elementor-element-populated\">\n\t\t\t\t\t\t\t\t<div class=\"elementor-element elementor-element-809c75e animated-slow elementor-widget elementor-widget-image\" data-id=\"809c75e\" data-element_type=\"widget\" data-settings=\"{&quot;_animation&quot;:&quot;none&quot;}\" data-widget_type=\"image.default\">\n\t\t\t\t<div class=\"elementor-widget-container\">\n\t\t\t\t\t<div class=\"elementor-image\">\n\t\t\t\t\t\t\t\t\t\t<img loading=\"lazy\" decoding=\"async\" width=\"1200\" height=\"1200\" src=\"https:\/\/www.traitorakis.travel\/wp-content\/uploads\/2021\/04\/excursions-main-2.jpg\" class=\"attachment-full size-full\" alt=\"Falassarna Beach Aerial\" srcset=\"https:\/\/www.traitorakis.travel\/wp-content\/uploads\/2021\/04\/excursions-main-2.jpg 1200w, https:\/\/www.traitorakis.travel\/wp-content\/uploads\/2021\/04\/excursions-main-2-300x300.jpg 300w, https:\/\/www.traitorakis.travel\/wp-content\/uploads\/2021\/04\/excursions-main-2-1024x1024.jpg 1024w, https:\/\/www.traitorakis.travel\/wp-content\/uploads\/2021\/04\/excursions-main-2-150x150.jpg 150w, https:\/\/www.traitorakis.travel\/wp-content\/uploads\/2021\/04\/excursions-main-2-768x768.jpg 768w\" sizes=\"auto, (max-width: 1200px) 100vw, 1200px\" \/>\t\t\t\t\t\t\t\t\t\t\t<\/div>\n\t\t\t\t<\/div>\n\t\t\t\t<\/div>\n\t\t\t\t\t<\/div>\n\t\t<\/div>\n\t\t\t\t<div class=\"elementor-column elementor-col-50 elementor-top-column elementor-element elementor-element-5413cdf\" data-id=\"5413cdf\" data-element_type=\"column\" data-settings=\"{&quot;background_background&quot;:&quot;classic&quot;}\">\n\t\t\t<div class=\"elementor-widget-wrap elementor-element-populated\">\n\t\t\t\t\t\t\t\t<section class=\"elementor-section elementor-inner-section elementor-element elementor-element-801590a elementor-section-full_width elementor-section-height-default elementor-section-height-default\" data-id=\"801590a\" data-element_type=\"section\">\n\t\t\t\t\t\t<div class=\"elementor-container elementor-column-gap-default\">\n\t\t\t\t\t<div class=\"elementor-column elementor-col-100 elementor-inner-column elementor-element elementor-element-a75f7ee\" data-id=\"a75f7ee\" data-element_type=\"column\">\n\t\t\t<div class=\"elementor-widget-wrap elementor-element-populated\">\n\t\t\t\t\t\t\t\t<div class=\"elementor-element elementor-element-f603a9a elementor-widget elementor-widget-heading\" data-id=\"f603a9a\" data-element_type=\"widget\" data-widget_type=\"heading.default\">\n\t\t\t\t<div class=\"elementor-widget-container\">\n\t\t\t<h1 class=\"elementor-heading-title elementor-size-default\">Ausfl\u00fcge<\/h1>\t\t<\/div>\n\t\t\t\t<\/div>\n\t\t\t\t<div class=\"elementor-element elementor-element-2607e2e elementor-widget elementor-widget-heading\" data-id=\"2607e2e\" data-element_type=\"widget\" data-widget_type=\"heading.default\">\n\t\t\t\t<div class=\"elementor-widget-container\">\n\t\t\t<p class=\"elementor-heading-title elementor-size-default\">Unsere Anstrengung beim Reiseb\u00fcro Traitorakis ist es, Ihnen w\u00e4hrend Ihres Urlaubs einzigartige Erlebnisse, Entspannung und Qualit\u00e4t zu bieten. Wir planen Tagesausfl\u00fcge und Touren durch Kreta, die durch beeindruckende Orte f\u00fchren, zu den malerischen D\u00f6rfern und den exotischen Str\u00e4nden, die unvergesslich sein werden.\nDie organisierten Tagesausfl\u00fcge sind folgende:\n<ul class=\"placeslinks\">\n<li>Von Georgioupolis nach: Argyroupoli (Quellen), Myriokefala, Frangokastelo, Sfakia, Askifou und Vrises.<\/li>\n<li>Kavros in der N\u00e4he: Argyroupoli (Quellen), Lake Kournas, Douraki Winery, Vrysses.<\/li>\n<li>Elafonissi, Kissamos, Chania<\/li>\n<li>Knossos, Heraklion<\/li>\n<li>Rethymno (Stadt bei Nacht)<\/li>\n<\/ul>\n<p class=\"whattxt\">Zu den Ausfl\u00fcgen geh\u00f6ren Gruppentransfers, organisierte Wanderungen, private Touren und andere Aktivit\u00e4ten.<\/p><\/p>\t\t<\/div>\n\t\t\t\t<\/div>\n\t\t\t\t\t<\/div>\n\t\t<\/div>\n\t\t\t\t\t\t\t<\/div>\n\t\t<\/section>\n\t\t\t\t\t<\/div>\n\t\t<\/div>\n\t\t\t\t\t\t\t<\/div>\n\t\t<\/section>\n\t\t\t\t<section class=\"elementor-section elementor-top-section elementor-element elementor-element-d616cfa elementor-section-full_width elementor-section-height-default elementor-section-height-default\" data-id=\"d616cfa\" data-element_type=\"section\">\n\t\t\t\t\t\t<div class=\"elementor-container elementor-column-gap-no\">\n\t\t\t\t\t<div class=\"elementor-column elementor-col-33 elementor-top-column elementor-element elementor-element-53f7ee6\" data-id=\"53f7ee6\" data-element_type=\"column\">\n\t\t\t<div class=\"elementor-widget-wrap elementor-element-populated\">\n\t\t\t\t\t\t\t\t<div class=\"elementor-element elementor-element-beb3d1d elementor-widget elementor-widget-image\" data-id=\"beb3d1d\" data-element_type=\"widget\" data-widget_type=\"image.default\">\n\t\t\t\t<div class=\"elementor-widget-container\">\n\t\t\t\t\t<div class=\"elementor-image\">\n\t\t\t\t\t\t\t\t\t\t\t<a href=\"https:\/\/www.traitorakis.travel\/wp-content\/uploads\/2021\/04\/excursions-loutro.jpg\" data-elementor-open-lightbox=\"yes\">\n\t\t\t\t\t\t\t<img loading=\"lazy\" decoding=\"async\" width=\"1200\" height=\"800\" src=\"https:\/\/www.traitorakis.travel\/wp-content\/uploads\/2021\/04\/excursions-loutro.jpg\" class=\"attachment-full size-full\" alt=\"Loutro Village\" srcset=\"https:\/\/www.traitorakis.travel\/wp-content\/uploads\/2021\/04\/excursions-loutro.jpg 1200w, https:\/\/www.traitorakis.travel\/wp-content\/uploads\/2021\/04\/excursions-loutro-300x200.jpg 300w, https:\/\/www.traitorakis.travel\/wp-content\/uploads\/2021\/04\/excursions-loutro-1024x683.jpg 1024w, https:\/\/www.traitorakis.travel\/wp-content\/uploads\/2021\/04\/excursions-loutro-768x512.jpg 768w\" sizes=\"auto, (max-width: 1200px) 100vw, 1200px\" \/>\t\t\t\t\t\t\t\t<\/a>\n\t\t\t\t\t\t\t\t\t\t\t<\/div>\n\t\t\t\t<\/div>\n\t\t\t\t<\/div>\n\t\t\t\t\t<\/div>\n\t\t<\/div>\n\t\t\t\t<div class=\"elementor-column elementor-col-33 elementor-top-column elementor-element elementor-element-f053aee\" data-id=\"f053aee\" data-element_type=\"column\">\n\t\t\t<div class=\"elementor-widget-wrap elementor-element-populated\">\n\t\t\t\t\t\t\t\t<div class=\"elementor-element elementor-element-107f824 elementor-widget elementor-widget-image\" data-id=\"107f824\" data-element_type=\"widget\" data-widget_type=\"image.default\">\n\t\t\t\t<div class=\"elementor-widget-container\">\n\t\t\t\t\t<div class=\"elementor-image\">\n\t\t\t\t\t\t\t\t\t\t\t<a href=\"https:\/\/www.traitorakis.travel\/wp-content\/uploads\/2021\/04\/excursions-balos.jpg\" data-elementor-open-lightbox=\"yes\">\n\t\t\t\t\t\t\t<img loading=\"lazy\" decoding=\"async\" width=\"1200\" height=\"800\" src=\"https:\/\/www.traitorakis.travel\/wp-content\/uploads\/2021\/04\/excursions-balos.jpg\" class=\"attachment-full size-full\" alt=\"Balos Lagoon\" srcset=\"https:\/\/www.traitorakis.travel\/wp-content\/uploads\/2021\/04\/excursions-balos.jpg 1200w, https:\/\/www.traitorakis.travel\/wp-content\/uploads\/2021\/04\/excursions-balos-300x200.jpg 300w, https:\/\/www.traitorakis.travel\/wp-content\/uploads\/2021\/04\/excursions-balos-1024x683.jpg 1024w, https:\/\/www.traitorakis.travel\/wp-content\/uploads\/2021\/04\/excursions-balos-768x512.jpg 768w\" sizes=\"auto, (max-width: 1200px) 100vw, 1200px\" \/>\t\t\t\t\t\t\t\t<\/a>\n\t\t\t\t\t\t\t\t\t\t\t<\/div>\n\t\t\t\t<\/div>\n\t\t\t\t<\/div>\n\t\t\t\t\t<\/div>\n\t\t<\/div>\n\t\t\t\t<div class=\"elementor-column elementor-col-33 elementor-top-column elementor-element elementor-element-a346c00\" data-id=\"a346c00\" data-element_type=\"column\">\n\t\t\t<div class=\"elementor-widget-wrap elementor-element-populated\">\n\t\t\t\t\t\t\t\t<div class=\"elementor-element elementor-element-b955924 elementor-widget elementor-widget-image\" data-id=\"b955924\" data-element_type=\"widget\" data-widget_type=\"image.default\">\n\t\t\t\t<div class=\"elementor-widget-container\">\n\t\t\t\t\t<div class=\"elementor-image\">\n\t\t\t\t\t\t\t\t\t\t\t<a href=\"https:\/\/www.traitorakis.travel\/wp-content\/uploads\/2021\/04\/excursions-samaria.jpg\" data-elementor-open-lightbox=\"yes\">\n\t\t\t\t\t\t\t<img loading=\"lazy\" decoding=\"async\" width=\"1200\" height=\"800\" src=\"https:\/\/www.traitorakis.travel\/wp-content\/uploads\/2021\/04\/excursions-samaria.jpg\" class=\"attachment-full size-full\" alt=\"Samaria Gorge\" srcset=\"https:\/\/www.traitorakis.travel\/wp-content\/uploads\/2021\/04\/excursions-samaria.jpg 1200w, https:\/\/www.traitorakis.travel\/wp-content\/uploads\/2021\/04\/excursions-samaria-300x200.jpg 300w, https:\/\/www.traitorakis.travel\/wp-content\/uploads\/2021\/04\/excursions-samaria-1024x683.jpg 1024w, https:\/\/www.traitorakis.travel\/wp-content\/uploads\/2021\/04\/excursions-samaria-768x512.jpg 768w\" sizes=\"auto, (max-width: 1200px) 100vw, 1200px\" \/>\t\t\t\t\t\t\t\t<\/a>\n\t\t\t\t\t\t\t\t\t\t\t<\/div>\n\t\t\t\t<\/div>\n\t\t\t\t<\/div>\n\t\t\t\t\t<\/div>\n\t\t<\/div>\n\t\t\t\t\t\t\t<\/div>\n\t\t<\/section>\n\t\t\t\t\t\t<\/div>\n\t\t\t\t\t<\/div>\n\t\t","protected":false},"excerpt":{"rendered":"<p>Ausfl\u00fcge Unsere Anstrengung beim Reiseb\u00fcro Traitorakis ist es, Ihnen w\u00e4hrend Ihres Urlaubs einzigartige Erlebnisse, Entspannung und Qualit\u00e4t zu bieten. Wir planen Tagesausfl\u00fcge und Touren durch Kreta, die durch beeindruckende Orte f\u00fchren, zu den malerischen D\u00f6rfern und den exotischen Str\u00e4nden, die unvergesslich sein werden. Die organisierten Tagesausfl\u00fcge sind folgende: Von Georgioupolis nach: Argyroupoli (Quellen), Myriokefala, Frangokastelo, [&hellip;]<\/p>\n","protected":false},"author":1,"featured_media":0,"parent":0,"menu_order":0,"comment_status":"closed","ping_status":"closed","template":"elementor_header_footer","meta":{"footnotes":""},"class_list":["post-2172","page","type-page","status-publish","hentry"],"_links":{"self":[{"href":"https:\/\/www.traitorakis.travel\/de\/wp-json\/wp\/v2\/pages\/2172","targetHints":{"allow":["GET"]}}],"collection":[{"href":"https:\/\/www.traitorakis.travel\/de\/wp-json\/wp\/v2\/pages"}],"about":[{"href":"https:\/\/www.traitorakis.travel\/de\/wp-json\/wp\/v2\/types\/page"}],"author":[{"embeddable":true,"href":"https:\/\/www.traitorakis.travel\/de\/wp-json\/wp\/v2\/users\/1"}],"replies":[{"embeddable":true,"href":"https:\/\/www.traitorakis.travel\/de\/wp-json\/wp\/v2\/comments?post=2172"}],"version-history":[{"count":4,"href":"https:\/\/www.traitorakis.travel\/de\/wp-json\/wp\/v2\/pages\/2172\/revisions"}],"predecessor-version":[{"id":2176,"href":"https:\/\/www.traitorakis.travel\/de\/wp-json\/wp\/v2\/pages\/2172\/revisions\/2176"}],"wp:attachment":[{"href":"https:\/\/www.traitorakis.travel\/de\/wp-json\/wp\/v2\/media?parent=2172"}],"curies":[{"name":"wp","href":"https:\/\/api.w.org\/{rel}","templated":true}]}}