{"id":2166,"date":"2021-04-01T19:19:27","date_gmt":"2021-04-01T16:19:27","guid":{"rendered":"https:\/\/www.traitorakis.travel\/about-us\/"},"modified":"2021-06-10T11:27:38","modified_gmt":"2021-06-10T08:27:38","slug":"about-us","status":"publish","type":"page","link":"https:\/\/www.traitorakis.travel\/de\/about-us\/","title":{"rendered":"\u00dcber uns"},"content":{"rendered":"\t\t<div data-elementor-type=\"wp-page\" data-elementor-id=\"2166\" class=\"elementor elementor-2166 elementor-333\" data-elementor-settings=\"[]\">\n\t\t\t\t\t\t\t<div class=\"elementor-section-wrap\">\n\t\t\t\t\t\t\t<section class=\"elementor-section elementor-top-section elementor-element elementor-element-d0c5831 elementor-section-full_width elementor-section-items-stretch elementor-section-content-middle elementor-section-height-min-height elementor-section-height-default\" data-id=\"d0c5831\" data-element_type=\"section\" data-settings=\"{&quot;motion_fx_motion_fx_scrolling&quot;:&quot;yes&quot;,&quot;motion_fx_devices&quot;:[&quot;desktop&quot;,&quot;tablet&quot;,&quot;mobile&quot;]}\">\n\t\t\t\t\t\t<div class=\"elementor-container elementor-column-gap-no\">\n\t\t\t\t\t<div class=\"elementor-column elementor-col-50 elementor-top-column elementor-element elementor-element-ce32a62\" data-id=\"ce32a62\" data-element_type=\"column\" data-settings=\"{&quot;background_background&quot;:&quot;classic&quot;}\">\n\t\t\t<div class=\"elementor-widget-wrap elementor-element-populated\">\n\t\t\t\t\t\t\t\t<div class=\"elementor-element elementor-element-b50c255 animated-slow elementor-widget elementor-widget-image\" data-id=\"b50c255\" data-element_type=\"widget\" data-settings=\"{&quot;_animation&quot;:&quot;none&quot;}\" data-widget_type=\"image.default\">\n\t\t\t\t<div class=\"elementor-widget-container\">\n\t\t\t\t\t<div class=\"elementor-image\">\n\t\t\t\t\t\t\t\t\t\t<img loading=\"lazy\" decoding=\"async\" width=\"1200\" height=\"1200\" src=\"https:\/\/www.traitorakis.travel\/wp-content\/uploads\/2021\/04\/aboutus-history-main.jpg\" class=\"attachment-full size-full\" alt=\"Traitorakis Travel Taxi Fleet\" srcset=\"https:\/\/www.traitorakis.travel\/wp-content\/uploads\/2021\/04\/aboutus-history-main.jpg 1200w, https:\/\/www.traitorakis.travel\/wp-content\/uploads\/2021\/04\/aboutus-history-main-300x300.jpg 300w, https:\/\/www.traitorakis.travel\/wp-content\/uploads\/2021\/04\/aboutus-history-main-1024x1024.jpg 1024w, https:\/\/www.traitorakis.travel\/wp-content\/uploads\/2021\/04\/aboutus-history-main-150x150.jpg 150w, https:\/\/www.traitorakis.travel\/wp-content\/uploads\/2021\/04\/aboutus-history-main-768x768.jpg 768w\" sizes=\"auto, (max-width: 1200px) 100vw, 1200px\" \/>\t\t\t\t\t\t\t\t\t\t\t<\/div>\n\t\t\t\t<\/div>\n\t\t\t\t<\/div>\n\t\t\t\t\t<\/div>\n\t\t<\/div>\n\t\t\t\t<div class=\"elementor-column elementor-col-50 elementor-top-column elementor-element elementor-element-a7762f6\" data-id=\"a7762f6\" data-element_type=\"column\" data-settings=\"{&quot;background_background&quot;:&quot;classic&quot;}\">\n\t\t\t<div class=\"elementor-widget-wrap elementor-element-populated\">\n\t\t\t\t\t\t\t\t<section class=\"elementor-section elementor-inner-section elementor-element elementor-element-84f7dd0 elementor-section-full_width elementor-section-height-default elementor-section-height-default\" data-id=\"84f7dd0\" data-element_type=\"section\">\n\t\t\t\t\t\t<div class=\"elementor-container elementor-column-gap-default\">\n\t\t\t\t\t<div class=\"elementor-column elementor-col-100 elementor-inner-column elementor-element elementor-element-c38d49c\" data-id=\"c38d49c\" data-element_type=\"column\">\n\t\t\t<div class=\"elementor-widget-wrap elementor-element-populated\">\n\t\t\t\t\t\t\t\t<div class=\"elementor-element elementor-element-28d3ccd elementor-widget elementor-widget-heading\" data-id=\"28d3ccd\" data-element_type=\"widget\" data-widget_type=\"heading.default\">\n\t\t\t\t<div class=\"elementor-widget-container\">\n\t\t\t<h1 class=\"elementor-heading-title elementor-size-default\">\u00dcber <br>\nuns<\/h1>\t\t<\/div>\n\t\t\t\t<\/div>\n\t\t\t\t<div class=\"elementor-element elementor-element-d0aff67 elementor-widget elementor-widget-heading\" data-id=\"d0aff67\" data-element_type=\"widget\" data-widget_type=\"heading.default\">\n\t\t\t\t<div class=\"elementor-widget-container\">\n\t\t\t<p class=\"elementor-heading-title elementor-size-default\">Das Reiseb\u00fcro Traitorakis ist ein Familienunternehmen, das seit 1970 in Georgioupolis in Chania t\u00e4tig ist und Transporte in ganz Kreta durchf\u00fchrt. Das Unternehmen wurde vom Gro\u00dfvater der Familie Kyriakos Traitorakis gegr\u00fcndet und bis heute gepflegt und erweitert, um die geeignete Flotte f\u00fcr alle Ihre Bed\u00fcrfnisse zu schaffen.\nUnsere St\u00fctzpunkte befinden sich in Georgioupolis und Kavros, von wo aus wir Ausfl\u00fcge in alle Teile Kretas anbieten und organisieren. Wir haben 24 Stunden am Tag ge\u00f6ffnet und bieten nat\u00fcrlich einen schnellen Service-Transfer von verschiedenen Flugpl\u00e4tzen und H\u00e4fen zu Ihrem Hotel oder in einem anderen Ort zu bringen.<\/p>\t\t<\/div>\n\t\t\t\t<\/div>\n\t\t\t\t\t<\/div>\n\t\t<\/div>\n\t\t\t\t\t\t\t<\/div>\n\t\t<\/section>\n\t\t\t\t\t<\/div>\n\t\t<\/div>\n\t\t\t\t\t\t\t<\/div>\n\t\t<\/section>\n\t\t\t\t<section class=\"elementor-section elementor-top-section elementor-element elementor-element-ba056eb elementor-section-full_width elementor-reverse-tablet elementor-reverse-mobile elementor-section-height-default elementor-section-height-default\" data-id=\"ba056eb\" data-element_type=\"section\" data-settings=\"{&quot;motion_fx_motion_fx_scrolling&quot;:&quot;yes&quot;,&quot;motion_fx_devices&quot;:[&quot;desktop&quot;,&quot;tablet&quot;,&quot;mobile&quot;]}\">\n\t\t\t\t\t\t<div class=\"elementor-container elementor-column-gap-no\">\n\t\t\t\t\t<div class=\"elementor-column elementor-col-50 elementor-top-column elementor-element elementor-element-59a0ada\" data-id=\"59a0ada\" data-element_type=\"column\">\n\t\t\t<div class=\"elementor-widget-wrap elementor-element-populated\">\n\t\t\t\t\t\t\t\t<section class=\"elementor-section elementor-inner-section elementor-element elementor-element-d19b7c6 elementor-section-full_width elementor-section-height-default elementor-section-height-default\" data-id=\"d19b7c6\" data-element_type=\"section\">\n\t\t\t\t\t\t<div class=\"elementor-container elementor-column-gap-no\">\n\t\t\t\t\t<div class=\"elementor-column elementor-col-100 elementor-inner-column elementor-element elementor-element-6676a5d\" data-id=\"6676a5d\" data-element_type=\"column\">\n\t\t\t<div class=\"elementor-widget-wrap elementor-element-populated\">\n\t\t\t\t\t\t\t\t<div class=\"elementor-element elementor-element-71ae7d8 elementor-widget elementor-widget-heading\" data-id=\"71ae7d8\" data-element_type=\"widget\" data-widget_type=\"heading.default\">\n\t\t\t\t<div class=\"elementor-widget-container\">\n\t\t\t<h2 class=\"elementor-heading-title elementor-size-default\">Tagesausfl\u00fcge<\/h2>\t\t<\/div>\n\t\t\t\t<\/div>\n\t\t\t\t<div class=\"elementor-element elementor-element-ef2a3bf elementor-widget elementor-widget-text-editor\" data-id=\"ef2a3bf\" data-element_type=\"widget\" data-widget_type=\"text-editor.default\">\n\t\t\t\t<div class=\"elementor-widget-container\">\n\t\t\t\t\t<div class=\"elementor-text-editor elementor-clearfix\">Die h\u00e4ufigsten Orte, an denen Tagesausfl\u00fcge unternommen werden, sind Georgioupolis, Kavros, der Kournas-See, Argyroupoli (Quellen), Chania und Rethymnon. Oft werden einzigartige Ausfl\u00fcge mit von unseren Kunden ausgew\u00e4hlten Reiserouten organisiert. In Zusammenarbeit mit anderen Unternehmen k\u00f6nnen wir Ausfl\u00fcge mit verschiedenen Aktivit\u00e4ten (Bootsfahrten, Wandern usw.) kombinieren, um unseren Kunden ein einzigartiges Erlebnis zu bieten.\nAufgrund der Vielfalt der Fahrzeuge, die wir haben, k\u00f6nnen wir kleine und gro\u00dfe Gruppen von Menschen bedienen und ihnen eine komfortable und sichere Reise bieten.<\/div>\n\t\t\t\t<\/div>\n\t\t\t\t<\/div>\n\t\t\t\t<div class=\"elementor-element elementor-element-f32b58d elementor-widget elementor-widget-image\" data-id=\"f32b58d\" data-element_type=\"widget\" data-widget_type=\"image.default\">\n\t\t\t\t<div class=\"elementor-widget-container\">\n\t\t\t\t\t<div class=\"elementor-image\">\n\t\t\t\t\t\t\t\t\t\t<img loading=\"lazy\" decoding=\"async\" width=\"1920\" height=\"1080\" src=\"https:\/\/www.traitorakis.travel\/wp-content\/uploads\/2021\/04\/aboutus-low-1.jpg\" class=\"attachment-full size-full\" alt=\"Elafonisi Beach\" srcset=\"https:\/\/www.traitorakis.travel\/wp-content\/uploads\/2021\/04\/aboutus-low-1.jpg 1920w, https:\/\/www.traitorakis.travel\/wp-content\/uploads\/2021\/04\/aboutus-low-1-300x169.jpg 300w, https:\/\/www.traitorakis.travel\/wp-content\/uploads\/2021\/04\/aboutus-low-1-1024x576.jpg 1024w, https:\/\/www.traitorakis.travel\/wp-content\/uploads\/2021\/04\/aboutus-low-1-768x432.jpg 768w, https:\/\/www.traitorakis.travel\/wp-content\/uploads\/2021\/04\/aboutus-low-1-1536x864.jpg 1536w\" sizes=\"auto, (max-width: 1920px) 100vw, 1920px\" \/>\t\t\t\t\t\t\t\t\t\t\t<\/div>\n\t\t\t\t<\/div>\n\t\t\t\t<\/div>\n\t\t\t\t\t<\/div>\n\t\t<\/div>\n\t\t\t\t\t\t\t<\/div>\n\t\t<\/section>\n\t\t\t\t<div class=\"elementor-element elementor-element-0536ba3 elementor-widget__width-initial elementor-widget-mobile__width-initial elementor-widget elementor-widget-spacer\" data-id=\"0536ba3\" data-element_type=\"widget\" data-widget_type=\"spacer.default\">\n\t\t\t\t<div class=\"elementor-widget-container\">\n\t\t\t\t\t<div class=\"elementor-spacer\">\n\t\t\t<div class=\"elementor-spacer-inner\"><\/div>\n\t\t<\/div>\n\t\t\t\t<\/div>\n\t\t\t\t<\/div>\n\t\t\t\t\t<\/div>\n\t\t<\/div>\n\t\t\t\t<div class=\"elementor-column elementor-col-50 elementor-top-column elementor-element elementor-element-0dc471f elementor-hidden-phone\" data-id=\"0dc471f\" data-element_type=\"column\">\n\t\t\t<div class=\"elementor-widget-wrap elementor-element-populated\">\n\t\t\t\t\t\t\t\t<div class=\"elementor-element elementor-element-abee914 elementor-widget elementor-widget-spacer\" data-id=\"abee914\" data-element_type=\"widget\" data-widget_type=\"spacer.default\">\n\t\t\t\t<div class=\"elementor-widget-container\">\n\t\t\t\t\t<div class=\"elementor-spacer\">\n\t\t\t<div class=\"elementor-spacer-inner\"><\/div>\n\t\t<\/div>\n\t\t\t\t<\/div>\n\t\t\t\t<\/div>\n\t\t\t\t\t<\/div>\n\t\t<\/div>\n\t\t\t\t\t\t\t<\/div>\n\t\t<\/section>\n\t\t\t\t\t\t<\/div>\n\t\t\t\t\t<\/div>\n\t\t","protected":false},"excerpt":{"rendered":"<p>\u00dcber uns Das Reiseb\u00fcro Traitorakis ist ein Familienunternehmen, das seit 1970 in Georgioupolis in Chania t\u00e4tig ist und Transporte in ganz Kreta durchf\u00fchrt. Das Unternehmen wurde vom Gro\u00dfvater der Familie Kyriakos Traitorakis gegr\u00fcndet und bis heute gepflegt und erweitert, um die geeignete Flotte f\u00fcr alle Ihre Bed\u00fcrfnisse zu schaffen. Unsere St\u00fctzpunkte befinden sich in Georgioupolis [&hellip;]<\/p>\n","protected":false},"author":1,"featured_media":0,"parent":0,"menu_order":0,"comment_status":"closed","ping_status":"closed","template":"elementor_header_footer","meta":{"footnotes":""},"class_list":["post-2166","page","type-page","status-publish","hentry"],"_links":{"self":[{"href":"https:\/\/www.traitorakis.travel\/de\/wp-json\/wp\/v2\/pages\/2166","targetHints":{"allow":["GET"]}}],"collection":[{"href":"https:\/\/www.traitorakis.travel\/de\/wp-json\/wp\/v2\/pages"}],"about":[{"href":"https:\/\/www.traitorakis.travel\/de\/wp-json\/wp\/v2\/types\/page"}],"author":[{"embeddable":true,"href":"https:\/\/www.traitorakis.travel\/de\/wp-json\/wp\/v2\/users\/1"}],"replies":[{"embeddable":true,"href":"https:\/\/www.traitorakis.travel\/de\/wp-json\/wp\/v2\/comments?post=2166"}],"version-history":[{"count":4,"href":"https:\/\/www.traitorakis.travel\/de\/wp-json\/wp\/v2\/pages\/2166\/revisions"}],"predecessor-version":[{"id":2171,"href":"https:\/\/www.traitorakis.travel\/de\/wp-json\/wp\/v2\/pages\/2166\/revisions\/2171"}],"wp:attachment":[{"href":"https:\/\/www.traitorakis.travel\/de\/wp-json\/wp\/v2\/media?parent=2166"}],"curies":[{"name":"wp","href":"https:\/\/api.w.org\/{rel}","templated":true}]}}